{"id":20401,"date":"2022-02-08T17:02:03","date_gmt":"2022-02-08T16:02:03","guid":{"rendered":"https:\/\/kulibri.com\/?page_id=20401"},"modified":"2025-10-28T08:09:27","modified_gmt":"2025-10-28T07:09:27","slug":"was-ist-neu","status":"publish","type":"page","link":"https:\/\/kulibri.com\/de\/was-ist-neu","title":{"rendered":"Das neue kulibri"},"content":{"rendered":"\t\t<div data-elementor-type=\"wp-page\" data-elementor-id=\"20401\" class=\"elementor elementor-20401\">\n\t\t\t\t\t\t<div class=\"elementor-inner\">\n\t\t\t\t<div class=\"elementor-section-wrap\">\n\t\t\t\t\t\t\t\t\t<section class=\"elementor-section elementor-top-section elementor-element elementor-element-61187db elementor-section-boxed elementor-section-height-default elementor-section-height-default\" data-id=\"61187db\" data-element_type=\"section\">\n\t\t\t\t\t\t<div class=\"elementor-container elementor-column-gap-default\">\n\t\t\t\t\t\t\t<div class=\"elementor-row\">\n\t\t\t\t\t<div class=\"elementor-column elementor-col-100 elementor-top-column elementor-element elementor-element-0f0d298\" data-id=\"0f0d298\" data-element_type=\"column\">\n\t\t\t<div class=\"elementor-column-wrap elementor-element-populated\">\n\t\t\t\t\t\t\t<div class=\"elementor-widget-wrap\">\n\t\t\t\t\t\t<div class=\"elementor-element elementor-element-d7c6012 elementor-grid-1 elementor-posts--thumbnail-none elementor-posts--align-left elementor-grid-tablet-2 elementor-grid-mobile-1 elementor-widget elementor-widget-posts\" data-id=\"d7c6012\" data-element_type=\"widget\" data-settings=\"{&quot;classic_columns&quot;:&quot;1&quot;,&quot;classic_row_gap&quot;:{&quot;unit&quot;:&quot;px&quot;,&quot;size&quot;:16,&quot;sizes&quot;:[]},&quot;classic_columns_tablet&quot;:&quot;2&quot;,&quot;classic_columns_mobile&quot;:&quot;1&quot;,&quot;classic_row_gap_tablet&quot;:{&quot;unit&quot;:&quot;px&quot;,&quot;size&quot;:&quot;&quot;,&quot;sizes&quot;:[]},&quot;classic_row_gap_mobile&quot;:{&quot;unit&quot;:&quot;px&quot;,&quot;size&quot;:&quot;&quot;,&quot;sizes&quot;:[]}}\" data-widget_type=\"posts.classic\">\n\t\t\t\t<div class=\"elementor-widget-container\">\n\t\t\t\t\t<div class=\"elementor-posts-container elementor-posts elementor-posts--skin-classic elementor-grid\">\n\t\t\t\t<article class=\"elementor-post elementor-grid-item post-21473 post type-post status-publish format-standard has-post-thumbnail hentry category-neue-features-de category-produkt-de tag-feature_update_de category-128 category-125 description-off\">\n\t\t\t\t<div class=\"elementor-post__text\">\n\t\t\t\t<h2 class=\"elementor-post__title\">\n\t\t\t<a href=\"https:\/\/kulibri.com\/de\/premium-kulibri\" >\n\t\t\t\tkulibri premium\t\t\t<\/a>\n\t\t<\/h2>\n\t\t\t\t<div class=\"elementor-post__excerpt\">\n\t\t\t<p>Neue Funktionen f\u00fcr Admins, die kulibri im (semi-) professionellen Umfeld und\/oder sehr regelm\u00e4ssig benutzen&nbsp; Wir haben wir uns daf\u00fcr entschieden, als Gesch\u00e4ftsmodell das allseits bekannte &#8220;Freemium&#8221; Modell &#8211; &nbsp;ohne Werbung &#8211; zu verfolgen. Konkret bedeutet das: Der Grossteil der Funktionen wird weiterhin allen Userinnen und Usern kostenlos und werbefrei zur<\/p>\n\t\t<\/div>\n\t\t\n\t\t<a class=\"elementor-post__read-more\" href=\"https:\/\/kulibri.com\/de\/premium-kulibri\" >\n\t\t\tWeiter \u00bb\t\t<\/a>\n\n\t\t\t\t<\/div>\n\t\t\t\t<\/article>\n\t\t\t\t<article class=\"elementor-post elementor-grid-item post-20382 post type-post status-publish format-standard has-post-thumbnail hentry category-neue-features-de category-produkt-de tag-feature_update_de category-128 category-125 description-off\">\n\t\t\t\t<div class=\"elementor-post__text\">\n\t\t\t\t<h2 class=\"elementor-post__title\">\n\t\t\t<a href=\"https:\/\/kulibri.com\/de\/weitere-verbesserungen-im-neuen-kulibri\" >\n\t\t\t\tWeitere Verbesserungen im neuen kulibri\t\t\t<\/a>\n\t\t<\/h2>\n\t\t\t\t<div class=\"elementor-post__excerpt\">\n\t\t\t<p>Zus\u00e4tzliche Admin Funktionen Eine Reihe neuer Funktionen erleichtern die Arbeit der Admins: Projekte\/Einladungen Kopieren (inkl. der Optionen) Excel Export der Projekte Verschiedene neue Einstellungen zu den Admin Benachrichtigungen Setzten von Ablauffristen, ab denen die Teilnehmer keine Antworten mehr geben k\u00f6nnen Schliessen und ggf. wieder \u00d6ffnen von Projekten Auswahl und Darstellung<\/p>\n\t\t<\/div>\n\t\t\n\t\t<a class=\"elementor-post__read-more\" href=\"https:\/\/kulibri.com\/de\/weitere-verbesserungen-im-neuen-kulibri\" >\n\t\t\tWeiter \u00bb\t\t<\/a>\n\n\t\t\t\t<\/div>\n\t\t\t\t<\/article>\n\t\t\t\t<article class=\"elementor-post elementor-grid-item post-20357 post type-post status-publish format-standard has-post-thumbnail hentry category-neue-features-de category-produkt-de tag-feature_update_de category-128 category-125 description-off\">\n\t\t\t\t<div class=\"elementor-post__text\">\n\t\t\t\t<h2 class=\"elementor-post__title\">\n\t\t\t<a href=\"https:\/\/kulibri.com\/de\/allgemeine-neue-darstellung-und-admin-funktionen\" >\n\t\t\t\tNeue Darstellung und neue Admin Funktionen\t\t\t<\/a>\n\t\t<\/h2>\n\t\t\t\t<div class=\"elementor-post__excerpt\">\n\t\t\t<p>Gestaltung Wir haben uns ein paar Dinge einfallen lassen, damit das Erlebnis f\u00fcr Admins und die Teilnehmer*innen nicht so n\u00fcchtern ist, wie man es von Terminabstimmungen \u00fcblicherweise gewohnt ist. Admins k\u00f6nnen nun: Hintergrundbilder aus einer Bibliothek ausw\u00e4hlen Eigene Hintergrundbilder hochladen Zwischen Dark- und Lightmode w\u00e4hlen &#8211; je nachdem, was zum<\/p>\n\t\t<\/div>\n\t\t\n\t\t<a class=\"elementor-post__read-more\" href=\"https:\/\/kulibri.com\/de\/allgemeine-neue-darstellung-und-admin-funktionen\" >\n\t\t\tWeiter \u00bb\t\t<\/a>\n\n\t\t\t\t<\/div>\n\t\t\t\t<\/article>\n\t\t\t\t<article class=\"elementor-post elementor-grid-item post-20328 post type-post status-publish format-standard has-post-thumbnail hentry category-neue-features-de category-produkt-de tag-feature_update_de category-128 category-125 description-off\">\n\t\t\t\t<div class=\"elementor-post__text\">\n\t\t\t\t<h2 class=\"elementor-post__title\">\n\t\t\t<a href=\"https:\/\/kulibri.com\/de\/die-neue-terminabstimmung\" >\n\t\t\t\tDie neue Terminabstimmung\t\t\t<\/a>\n\t\t<\/h2>\n\t\t\t\t<div class=\"elementor-post__excerpt\">\n\t\t\t<p>Das Prinzip bleibt gleich Nur das Erstellen von Terminabstimmungen hat sich stark ver\u00e4ndert &#8211; zum Besseren, wie auch unsere Testuser*innen finden.&nbsp; Startbildschirm f\u00fcr Admins Die Admin Ansicht ist nun ein WYSIWYG Editor. D.h., w\u00e4hrend man auf der rechten Seite editiert, sieht man \u00c4nderungen in Echtzeit auf der linken Seite Die<\/p>\n\t\t<\/div>\n\t\t\n\t\t<a class=\"elementor-post__read-more\" href=\"https:\/\/kulibri.com\/de\/die-neue-terminabstimmung\" >\n\t\t\tWeiter \u00bb\t\t<\/a>\n\n\t\t\t\t<\/div>\n\t\t\t\t<\/article>\n\t\t\t\t<article class=\"elementor-post elementor-grid-item post-20249 post type-post status-publish format-standard has-post-thumbnail hentry category-neue-features-de category-produkt-de tag-feature_update_de category-128 category-125 description-off\">\n\t\t\t\t<div class=\"elementor-post__text\">\n\t\t\t\t<h2 class=\"elementor-post__title\">\n\t\t\t<a href=\"https:\/\/kulibri.com\/de\/optionale-email-adresse\" >\n\t\t\t\tOptionale Angabe von Email Adressen\t\t\t<\/a>\n\t\t<\/h2>\n\t\t\t\t<div class=\"elementor-post__excerpt\">\n\t\t\t<p>Unterst\u00fctzung anonymer Teilnehmer*innen als Option f\u00fcr Admins Im alten kulibri war bei der Verwendung des allgemeinen Links die Angabe einer Email Adresse Pflicht, um an einer Abstimmung\/Einladung teilzunehmen. Nun haben Admins die M\u00f6glichkeit, dies den Teilnehmer*innen freizustellen.\u00a0 \u00dcber eine Einstellung bei den Einladungen k\u00f6nnen Admins nun angeben, ob die Eingabe<\/p>\n\t\t<\/div>\n\t\t\n\t\t<a class=\"elementor-post__read-more\" href=\"https:\/\/kulibri.com\/de\/optionale-email-adresse\" >\n\t\t\tWeiter \u00bb\t\t<\/a>\n\n\t\t\t\t<\/div>\n\t\t\t\t<\/article>\n\t\t\t\t<\/div>\n\t\t\n\t\t\t\t<\/div>\n\t\t\t\t<\/div>\n\t\t\t\t\t\t<\/div>\n\t\t\t\t\t<\/div>\n\t\t<\/div>\n\t\t\t\t\t\t\t\t<\/div>\n\t\t\t\t\t<\/div>\n\t\t<\/section>\n\t\t\t\t\t\t\t\t\t<\/div>\n\t\t\t<\/div>\n\t\t\t\t\t<\/div>\n\t\t","protected":false},"excerpt":{"rendered":"<p>Unterst\u00fctzung anonymer Teilnehmer*innen als Option f\u00fcr AdminsIm alten kulibri war bei der Verwendung des allgemeinen Links die Angabe einer Email Adresse Pflicht, um an einer Abstimmung\/Einladung teilzunehmen.Nun haben Admins die M\u00f6glichkeit, dies den Teilnehmer*innen freizustellen.\u00a0\u00dcber eine Einstellung bei den Einladungen k\u00f6nnen Admins nun angeben, ob die Eingabe der Email f\u00fcr die Teilnehmer*innen verpflichtend oder freiwillig&hellip;<\/p>\n","protected":false},"author":15,"featured_media":0,"parent":0,"menu_order":0,"comment_status":"closed","ping_status":"closed","template":"","meta":{"spay_email":"","footnotes":""},"yoast_head":"<!-- This site is optimized with the Yoast SEO Premium plugin v18.2.1 (Yoast SEO v18.4.1) - https:\/\/yoast.com\/wordpress\/plugins\/seo\/ -->\n<title>Das neue kulibri &bull; Die wesentlichen \u00c4nderungen<\/title>\n<meta name=\"description\" content=\"Die wesentlichen \u00c4nderungen im \u00dcberblick.\" \/>\n<meta name=\"robots\" content=\"index, follow, max-snippet:-1, max-image-preview:large, max-video-preview:-1\" \/>\n<link rel=\"canonical\" href=\"https:\/\/kulibri.com\/de\/was-ist-neu\" \/>\n<meta property=\"og:locale\" content=\"de_DE\" \/>\n<meta property=\"og:type\" content=\"article\" \/>\n<meta property=\"og:title\" content=\"Das neue kulibri\" \/>\n<meta property=\"og:description\" content=\"Die wesentlichen \u00c4nderungen im \u00dcberblick.\" \/>\n<meta property=\"og:url\" content=\"https:\/\/kulibri.com\/de\/was-ist-neu\" \/>\n<meta property=\"og:site_name\" content=\"new kulibri\" \/>\n<meta property=\"article:modified_time\" content=\"2025-10-28T07:09:27+00:00\" \/>\n<meta name=\"twitter:card\" content=\"summary_large_image\" \/>\n<meta name=\"twitter:label1\" content=\"Est. reading time\" \/>\n\t<meta name=\"twitter:data1\" content=\"3 minutes\" \/>\n<script type=\"application\/ld+json\" class=\"yoast-schema-graph\">{\"@context\":\"https:\/\/schema.org\",\"@graph\":[{\"@type\":\"Organization\",\"@id\":\"https:\/\/kulibri.com\/de\/#organization\",\"name\":\"kulibri\",\"url\":\"https:\/\/kulibri.com\/de\/\",\"sameAs\":[],\"logo\":{\"@type\":\"ImageObject\",\"@id\":\"https:\/\/kulibri.com\/de\/#logo\",\"inLanguage\":\"de\",\"url\":\"https:\/\/kulibri.com\/wp-content\/uploads\/2021\/10\/Kulibri_logo_v01_s-13.png\",\"contentUrl\":\"https:\/\/kulibri.com\/wp-content\/uploads\/2021\/10\/Kulibri_logo_v01_s-13.png\",\"width\":313,\"height\":92,\"caption\":\"kulibri\"},\"image\":{\"@id\":\"https:\/\/kulibri.com\/de\/#logo\"}},{\"@type\":\"WebSite\",\"@id\":\"https:\/\/kulibri.com\/de\/#website\",\"url\":\"https:\/\/kulibri.com\/de\/\",\"name\":\"new kulibri\",\"description\":\"\",\"publisher\":{\"@id\":\"https:\/\/kulibri.com\/de\/#organization\"},\"potentialAction\":[{\"@type\":\"SearchAction\",\"target\":{\"@type\":\"EntryPoint\",\"urlTemplate\":\"https:\/\/kulibri.com\/de\/?s={search_term_string}\"},\"query-input\":\"required name=search_term_string\"}],\"inLanguage\":\"de\"},{\"@type\":\"WebPage\",\"@id\":\"https:\/\/kulibri.com\/de\/was-ist-neu#webpage\",\"url\":\"https:\/\/kulibri.com\/de\/was-ist-neu\",\"name\":\"Das neue kulibri &bull; Die wesentlichen \u00c4nderungen\",\"isPartOf\":{\"@id\":\"https:\/\/kulibri.com\/de\/#website\"},\"datePublished\":\"2022-02-08T16:02:03+00:00\",\"dateModified\":\"2025-10-28T07:09:27+00:00\",\"description\":\"Die wesentlichen \u00c4nderungen im \u00dcberblick.\",\"breadcrumb\":{\"@id\":\"https:\/\/kulibri.com\/de\/was-ist-neu#breadcrumb\"},\"inLanguage\":\"de\",\"potentialAction\":[{\"@type\":\"ReadAction\",\"target\":[\"https:\/\/kulibri.com\/de\/was-ist-neu\"]}]},{\"@type\":\"BreadcrumbList\",\"@id\":\"https:\/\/kulibri.com\/de\/was-ist-neu#breadcrumb\",\"itemListElement\":[{\"@type\":\"ListItem\",\"position\":1,\"name\":\"Startseite\",\"item\":\"https:\/\/kulibri.com\/de\/startseite\"},{\"@type\":\"ListItem\",\"position\":2,\"name\":\"Das neue kulibri\"}]}]}<\/script>\n<!-- \/ Yoast SEO Premium plugin. -->","yoast_head_json":{"title":"Das neue kulibri &bull; Die wesentlichen \u00c4nderungen","description":"Die wesentlichen \u00c4nderungen im \u00dcberblick.","robots":{"index":"index","follow":"follow","max-snippet":"max-snippet:-1","max-image-preview":"max-image-preview:large","max-video-preview":"max-video-preview:-1"},"canonical":"https:\/\/kulibri.com\/de\/was-ist-neu","og_locale":"de_DE","og_type":"article","og_title":"Das neue kulibri","og_description":"Die wesentlichen \u00c4nderungen im \u00dcberblick.","og_url":"https:\/\/kulibri.com\/de\/was-ist-neu","og_site_name":"new kulibri","article_modified_time":"2025-10-28T07:09:27+00:00","twitter_card":"summary_large_image","twitter_misc":{"Est. reading time":"3 minutes"},"schema":{"@context":"https:\/\/schema.org","@graph":[{"@type":"Organization","@id":"https:\/\/kulibri.com\/de\/#organization","name":"kulibri","url":"https:\/\/kulibri.com\/de\/","sameAs":[],"logo":{"@type":"ImageObject","@id":"https:\/\/kulibri.com\/de\/#logo","inLanguage":"de","url":"https:\/\/kulibri.com\/wp-content\/uploads\/2021\/10\/Kulibri_logo_v01_s-13.png","contentUrl":"https:\/\/kulibri.com\/wp-content\/uploads\/2021\/10\/Kulibri_logo_v01_s-13.png","width":313,"height":92,"caption":"kulibri"},"image":{"@id":"https:\/\/kulibri.com\/de\/#logo"}},{"@type":"WebSite","@id":"https:\/\/kulibri.com\/de\/#website","url":"https:\/\/kulibri.com\/de\/","name":"new kulibri","description":"","publisher":{"@id":"https:\/\/kulibri.com\/de\/#organization"},"potentialAction":[{"@type":"SearchAction","target":{"@type":"EntryPoint","urlTemplate":"https:\/\/kulibri.com\/de\/?s={search_term_string}"},"query-input":"required name=search_term_string"}],"inLanguage":"de"},{"@type":"WebPage","@id":"https:\/\/kulibri.com\/de\/was-ist-neu#webpage","url":"https:\/\/kulibri.com\/de\/was-ist-neu","name":"Das neue kulibri &bull; Die wesentlichen \u00c4nderungen","isPartOf":{"@id":"https:\/\/kulibri.com\/de\/#website"},"datePublished":"2022-02-08T16:02:03+00:00","dateModified":"2025-10-28T07:09:27+00:00","description":"Die wesentlichen \u00c4nderungen im \u00dcberblick.","breadcrumb":{"@id":"https:\/\/kulibri.com\/de\/was-ist-neu#breadcrumb"},"inLanguage":"de","potentialAction":[{"@type":"ReadAction","target":["https:\/\/kulibri.com\/de\/was-ist-neu"]}]},{"@type":"BreadcrumbList","@id":"https:\/\/kulibri.com\/de\/was-ist-neu#breadcrumb","itemListElement":[{"@type":"ListItem","position":1,"name":"Startseite","item":"https:\/\/kulibri.com\/de\/startseite"},{"@type":"ListItem","position":2,"name":"Das neue kulibri"}]}]}},"_links":{"self":[{"href":"https:\/\/kulibri.com\/de\/wp-json\/wp\/v2\/pages\/20401"}],"collection":[{"href":"https:\/\/kulibri.com\/de\/wp-json\/wp\/v2\/pages"}],"about":[{"href":"https:\/\/kulibri.com\/de\/wp-json\/wp\/v2\/types\/page"}],"author":[{"embeddable":true,"href":"https:\/\/kulibri.com\/de\/wp-json\/wp\/v2\/users\/15"}],"replies":[{"embeddable":true,"href":"https:\/\/kulibri.com\/de\/wp-json\/wp\/v2\/comments?post=20401"}],"version-history":[{"count":1,"href":"https:\/\/kulibri.com\/de\/wp-json\/wp\/v2\/pages\/20401\/revisions"}],"predecessor-version":[{"id":21935,"href":"https:\/\/kulibri.com\/de\/wp-json\/wp\/v2\/pages\/20401\/revisions\/21935"}],"wp:attachment":[{"href":"https:\/\/kulibri.com\/de\/wp-json\/wp\/v2\/media?parent=20401"}],"curies":[{"name":"wp","href":"https:\/\/api.w.org\/{rel}","templated":true}]}}