{"id":20857,"date":"2022-02-25T11:40:09","date_gmt":"2022-02-25T10:40:09","guid":{"rendered":"https:\/\/kulibri.com\/?page_id=20857"},"modified":"2025-10-28T08:09:27","modified_gmt":"2025-10-28T07:09:27","slug":"terminabstimmung","status":"publish","type":"page","link":"https:\/\/kulibri.com\/de\/terminabstimmung","title":{"rendered":"Die Terminabstimmung mit kulibri"},"content":{"rendered":"\t\t<div data-elementor-type=\"wp-page\" data-elementor-id=\"20857\" class=\"elementor elementor-20857\">\n\t\t\t\t\t\t<div class=\"elementor-inner\">\n\t\t\t\t<div class=\"elementor-section-wrap\">\n\t\t\t\t\t\t\t\t\t<section class=\"elementor-section elementor-top-section elementor-element elementor-element-61187db elementor-section-boxed elementor-section-height-default elementor-section-height-default\" data-id=\"61187db\" data-element_type=\"section\">\n\t\t\t\t\t\t<div class=\"elementor-container elementor-column-gap-default\">\n\t\t\t\t\t\t\t<div class=\"elementor-row\">\n\t\t\t\t\t<div class=\"elementor-column elementor-col-100 elementor-top-column elementor-element elementor-element-0f0d298\" data-id=\"0f0d298\" data-element_type=\"column\">\n\t\t\t<div class=\"elementor-column-wrap elementor-element-populated\">\n\t\t\t\t\t\t\t<div class=\"elementor-widget-wrap\">\n\t\t\t\t\t\t<div class=\"elementor-element elementor-element-ec58895 elementor-widget elementor-widget-text-editor\" data-id=\"ec58895\" data-element_type=\"widget\" data-widget_type=\"text-editor.default\">\n\t\t\t\t<div class=\"elementor-widget-container\">\n\t\t\t\t\t\t\t\t<div class=\"elementor-text-editor elementor-clearfix\">\n\t\t\t\t<p>kulibri ist ein Online Tool, mit dem du Terminabstimmungen jeder Art einfach, schnell und werbefrei erstellen kannst.\u00a0<\/p><p>Die Teilnehmenden k\u00f6nnen Freunde\/Freundinnen, Mitarbeiter*innen, Partner oder auch Mitglieder deines Vereins oder deiner Mannschaft sein.\u00a0<\/p><p>In der Regel geht es darum, den Termin zu finden, der f\u00fcr die meisten in einer Gruppe am besten passt.<\/p><p>\u00a0<\/p><p>Klingt einfach, f\u00fchrt aber mit den herk\u00f6mmlichen Methoden &#8211; Email oder WhatsApp o.\u00e4. &#8211; zu regelrechten &#8220;Email Lawinen&#8221; oder &#8220;WhatsApp Schlachten&#8221;.<\/p><p>Einen passenden Termin f\u00fcr ein gemeinsames Abendessen mit 10 Teilnehmern zu finden, erzeugt in der Regel mindestens 50 WhatsApp (oder Signal etc.) Nachrichten.<\/p><p>Wertvolle Zeit, die sich mit der kulibri Terminabstimmung einfach \u00a0sparen l\u00e4sst.<\/p><p>Eine Terminabstimmung ist mit wenigen Klicks erstellt.\u00a0Die Benutzung von kulibri erfordert keine Registrierung und ist kostenlos.<\/p>\t\t\t\t\t<\/div>\n\t\t\t\t\t\t<\/div>\n\t\t\t\t<\/div>\n\t\t\t\t<div class=\"elementor-element elementor-element-3900f03 elementor-widget elementor-widget-heading\" data-id=\"3900f03\" data-element_type=\"widget\" data-widget_type=\"heading.default\">\n\t\t\t\t<div class=\"elementor-widget-container\">\n\t\t\t<h2 class=\"elementor-heading-title elementor-size-default\">Terminabstimmung individuell gestalten in wenigen Schritten <\/h2>\t\t<\/div>\n\t\t\t\t<\/div>\n\t\t\t\t<div class=\"elementor-element elementor-element-b2d0aa6 elementor-widget elementor-widget-text-editor\" data-id=\"b2d0aa6\" data-element_type=\"widget\" data-widget_type=\"text-editor.default\">\n\t\t\t\t<div class=\"elementor-widget-container\">\n\t\t\t\t\t\t\t\t<div class=\"elementor-text-editor elementor-clearfix\">\n\t\t\t\t<p>Das Grundprinzip ist wie bei allen kulibri Abstimmungen denkbar einfach:\u00a0<\/p><p>Du erstellst die Terminvorschl\u00e4ge , schickst sie an deine Teilnehmer und wartest auf deren Antworten.\u00a0<\/p><p>Hierf\u00fcr brauchst du nur eine Email Adresse (diese ben\u00f6tigen wir, damit wir dir deinen Admin Link schicken k\u00f6nnen).\u00a0<\/p><p>Wie das ganze funktioniert kannst du dir <a href=\"\/de\/beispiel-videos\">hier in einem kurzen Video<\/a> ansehen.<\/p><p>Und so gehts:<\/p><h3><strong>Schritt 1: Starten \u00fcber die Homepage oder das\u00a0<\/strong><b>Dashboard<\/b><\/h3><p><span style=\"word-spacing: normal;\">Klicke auf der Startseite, deinem Dashboard oder auch auf einer Umfrageseite auf &#8220;Jetzt starten&#8221; oder &#8220;Neues Projekt&#8221;<\/span><\/p><p><span style=\"word-spacing: normal;\">\u00a0<\/span><\/p>\t\t\t\t\t<\/div>\n\t\t\t\t\t\t<\/div>\n\t\t\t\t<\/div>\n\t\t\t\t<div class=\"elementor-element elementor-element-9f6369f elementor-widget elementor-widget-image\" data-id=\"9f6369f\" data-element_type=\"widget\" data-widget_type=\"image.default\">\n\t\t\t\t<div class=\"elementor-widget-container\">\n\t\t\t\t\t\t\t\t<div class=\"elementor-image\">\n\t\t\t\t\t\t\t\t\t<figure class=\"wp-caption\">\n\t\t\t\t\t\t\t\t\t\t<img loading=\"lazy\" decoding=\"async\" width=\"768\" height=\"394\" src=\"https:\/\/kulibri.com\/wp-content\/uploads\/2022\/02\/homepage-768x394.png\" class=\"attachment-medium_large size-medium_large wp-image-20862\" alt=\"kulibri homepage\" srcset=\"https:\/\/kulibri.com\/wp-content\/uploads\/2022\/02\/homepage-768x394.png 768w, https:\/\/kulibri.com\/wp-content\/uploads\/2022\/02\/homepage-300x154.png 300w, https:\/\/kulibri.com\/wp-content\/uploads\/2022\/02\/homepage.png 1024w\" sizes=\"(max-width: 768px) 100vw, 768px\" \/>\t\t\t\t\t\t\t\t\t\t\t<figcaption class=\"widget-image-caption wp-caption-text\">kulibri homepage: Jetzt starten...<\/figcaption>\n\t\t\t\t\t\t\t\t\t\t<\/figure>\n\t\t\t\t\t\t\t\t<\/div>\n\t\t\t\t\t\t<\/div>\n\t\t\t\t<\/div>\n\t\t\t\t<div class=\"elementor-element elementor-element-d4e5956 elementor-widget elementor-widget-text-editor\" data-id=\"d4e5956\" data-element_type=\"widget\" data-widget_type=\"text-editor.default\">\n\t\t\t\t<div class=\"elementor-widget-container\">\n\t\t\t\t\t\t\t\t<div class=\"elementor-text-editor elementor-clearfix\">\n\t\t\t\t<h3><strong>Schritt 2: Name, Einstellungen und Hintergr\u00fcnde<br \/><\/strong><\/h3><p><span style=\"word-spacing: normal;\">Auf dem Hauptbildschirm gibts du deiner Terminabstimmung einen Titel, eine Beschreibung und gibst deine Email Adresse an (falls du nicht angemeldet bist).<\/span><\/p><p>W\u00e4hrend du an den Einstellungen arbeitest, siehst du stets im Live Preview auf der linken Seite, wie deine Umfrage letztlich aussehen wird.<\/p>\t\t\t\t\t<\/div>\n\t\t\t\t\t\t<\/div>\n\t\t\t\t<\/div>\n\t\t\t\t<div class=\"elementor-element elementor-element-ed5b710 elementor-widget elementor-widget-image\" data-id=\"ed5b710\" data-element_type=\"widget\" data-widget_type=\"image.default\">\n\t\t\t\t<div class=\"elementor-widget-container\">\n\t\t\t\t\t\t\t\t<div class=\"elementor-image\">\n\t\t\t\t\t\t\t\t\t<figure class=\"wp-caption\">\n\t\t\t\t\t\t\t\t\t\t<img loading=\"lazy\" decoding=\"async\" width=\"768\" height=\"408\" src=\"https:\/\/kulibri.com\/wp-content\/uploads\/2022\/02\/Terminabstimmung-Neue-Settings-768x408.png\" class=\"attachment-medium_large size-medium_large wp-image-20330\" alt=\"kulibri Terminabstimmung Einstellungen\" srcset=\"https:\/\/kulibri.com\/wp-content\/uploads\/2022\/02\/Terminabstimmung-Neue-Settings-768x408.png 768w, https:\/\/kulibri.com\/wp-content\/uploads\/2022\/02\/Terminabstimmung-Neue-Settings-300x159.png 300w, https:\/\/kulibri.com\/wp-content\/uploads\/2022\/02\/Terminabstimmung-Neue-Settings-1024x543.png 1024w, https:\/\/kulibri.com\/wp-content\/uploads\/2022\/02\/Terminabstimmung-Neue-Settings-1536x815.png 1536w, https:\/\/kulibri.com\/wp-content\/uploads\/2022\/02\/Terminabstimmung-Neue-Settings.png 1918w\" sizes=\"(max-width: 768px) 100vw, 768px\" \/>\t\t\t\t\t\t\t\t\t\t\t<figcaption class=\"widget-image-caption wp-caption-text\">kulibri Terminabstimmung Einstellungen<\/figcaption>\n\t\t\t\t\t\t\t\t\t\t<\/figure>\n\t\t\t\t\t\t\t\t<\/div>\n\t\t\t\t\t\t<\/div>\n\t\t\t\t<\/div>\n\t\t\t\t<div class=\"elementor-element elementor-element-dc5a8e4 elementor-widget elementor-widget-text-editor\" data-id=\"dc5a8e4\" data-element_type=\"widget\" data-widget_type=\"text-editor.default\">\n\t\t\t\t<div class=\"elementor-widget-container\">\n\t\t\t\t\t\t\t\t<div class=\"elementor-text-editor elementor-clearfix\">\n\t\t\t\t<p>Danach bestimmst du das Aussehen der Abstimmung in dem du das <strong>Hintergrundbild ausw\u00e4hlst oder ein eigenes hochl\u00e4dst.<\/strong> Zudem kannst du zwischen Dark- und Lightmode w\u00e4hlen.<\/p>\t\t\t\t\t<\/div>\n\t\t\t\t\t\t<\/div>\n\t\t\t\t<\/div>\n\t\t\t\t<div class=\"elementor-element elementor-element-d1951e2 elementor-widget elementor-widget-image\" data-id=\"d1951e2\" data-element_type=\"widget\" data-widget_type=\"image.default\">\n\t\t\t\t<div class=\"elementor-widget-container\">\n\t\t\t\t\t\t\t\t<div class=\"elementor-image\">\n\t\t\t\t\t\t\t\t\t<figure class=\"wp-caption\">\n\t\t\t\t\t\t\t\t\t\t<img loading=\"lazy\" decoding=\"async\" width=\"768\" height=\"392\" src=\"https:\/\/kulibri.com\/wp-content\/uploads\/2022\/03\/Library-DarkMode-English-1-768x392.png\" class=\"attachment-medium_large size-medium_large wp-image-21006\" alt=\"\" srcset=\"https:\/\/kulibri.com\/wp-content\/uploads\/2022\/03\/Library-DarkMode-English-1-768x392.png 768w, https:\/\/kulibri.com\/wp-content\/uploads\/2022\/03\/Library-DarkMode-English-1-300x153.png 300w, https:\/\/kulibri.com\/wp-content\/uploads\/2022\/03\/Library-DarkMode-English-1.png 800w\" sizes=\"(max-width: 768px) 100vw, 768px\" \/>\t\t\t\t\t\t\t\t\t\t\t<figcaption class=\"widget-image-caption wp-caption-text\">Eigene Bilder hochladen oder aus Galerie ausw\u00e4hlen<\/figcaption>\n\t\t\t\t\t\t\t\t\t\t<\/figure>\n\t\t\t\t\t\t\t\t<\/div>\n\t\t\t\t\t\t<\/div>\n\t\t\t\t<\/div>\n\t\t\t\t<div class=\"elementor-element elementor-element-2dfc520 elementor-widget elementor-widget-text-editor\" data-id=\"2dfc520\" data-element_type=\"widget\" data-widget_type=\"text-editor.default\">\n\t\t\t\t<div class=\"elementor-widget-container\">\n\t\t\t\t\t\t\t\t<div class=\"elementor-text-editor elementor-clearfix\">\n\t\t\t\t<p>\u00a0<\/p><p>Wenn du mit Gestaltung zufrieden bist, definierst du noch die\u00a0Einstellungen\u00a0deiner Umfrage:\u00a0<\/p><p>JA\/NEIN\/WENN ES SEIN MUSS \/ Maximale Stimmen \/ Single Choice \/ Kommentare (An\/Aus) \/ Verdeckte Antworten\u00a0<\/p><p><a href=\"\/de\/die-neue-terminabstimmung\">Details hierzu findest du hier\u00a0<\/a><span style=\"word-spacing: normal;\">\u00a0<\/span><\/p>\t\t\t\t\t<\/div>\n\t\t\t\t\t\t<\/div>\n\t\t\t\t<\/div>\n\t\t\t\t<div class=\"elementor-element elementor-element-f09fa72 elementor-widget elementor-widget-text-editor\" data-id=\"f09fa72\" data-element_type=\"widget\" data-widget_type=\"text-editor.default\">\n\t\t\t\t<div class=\"elementor-widget-container\">\n\t\t\t\t\t\t\t\t<div class=\"elementor-text-editor elementor-clearfix\">\n\t\t\t\t<p><strong>\u00a0<\/strong><\/p><h3><strong>Schritt 3: Tage und Uhrzeiten ausw\u00e4hlen<\/strong><\/h3><p>Lege nun die Tage und\/oder Uhrzeiten fest, die zur Abstimmung stehen sollen.<\/p><p>Mit wenigen Klicks auf den Kalender hast du die Tage ausgew\u00e4hlt.<\/p><p>Die Uhrzeiten sind optional.<\/p><p>Seit kulibri 2.0 kannst du nun auch noch eine weitere Dimension hinzuf\u00fcgen, z.B. f\u00fcr R\u00e4ume, Gruppen, Orte, Lehrer etc.<\/p>\t\t\t\t\t<\/div>\n\t\t\t\t\t\t<\/div>\n\t\t\t\t<\/div>\n\t\t\t\t<div class=\"elementor-element elementor-element-cb09371 elementor-widget elementor-widget-image\" data-id=\"cb09371\" data-element_type=\"widget\" data-widget_type=\"image.default\">\n\t\t\t\t<div class=\"elementor-widget-container\">\n\t\t\t\t\t\t\t\t<div class=\"elementor-image\">\n\t\t\t\t\t\t\t\t\t<figure class=\"wp-caption\">\n\t\t\t\t\t\t\t\t\t\t<img loading=\"lazy\" decoding=\"async\" width=\"768\" height=\"407\" src=\"https:\/\/kulibri.com\/wp-content\/uploads\/2022\/02\/Bearbeiten-Zeiten-768x407.png\" class=\"attachment-medium_large size-medium_large wp-image-20343\" alt=\"kulibri Terminabstimmung Datumsauswahl\" srcset=\"https:\/\/kulibri.com\/wp-content\/uploads\/2022\/02\/Bearbeiten-Zeiten-768x407.png 768w, https:\/\/kulibri.com\/wp-content\/uploads\/2022\/02\/Bearbeiten-Zeiten-300x159.png 300w, https:\/\/kulibri.com\/wp-content\/uploads\/2022\/02\/Bearbeiten-Zeiten-1024x543.png 1024w, https:\/\/kulibri.com\/wp-content\/uploads\/2022\/02\/Bearbeiten-Zeiten-1536x814.png 1536w, https:\/\/kulibri.com\/wp-content\/uploads\/2022\/02\/Bearbeiten-Zeiten.png 1918w\" sizes=\"(max-width: 768px) 100vw, 768px\" \/>\t\t\t\t\t\t\t\t\t\t\t<figcaption class=\"widget-image-caption wp-caption-text\">kulibri Terminabstimmung Datumsauswahl<\/figcaption>\n\t\t\t\t\t\t\t\t\t\t<\/figure>\n\t\t\t\t\t\t\t\t<\/div>\n\t\t\t\t\t\t<\/div>\n\t\t\t\t<\/div>\n\t\t\t\t<div class=\"elementor-element elementor-element-7571070 elementor-widget elementor-widget-text-editor\" data-id=\"7571070\" data-element_type=\"widget\" data-widget_type=\"text-editor.default\">\n\t\t\t\t<div class=\"elementor-widget-container\">\n\t\t\t\t\t\t\t\t<div class=\"elementor-text-editor elementor-clearfix\">\n\t\t\t\t<p><strong>\u00a0<\/strong><\/p><h3><strong>Schritt 4: Teilnehmer*innen einladen<\/strong><\/h3><p>Im letzten Schritt musst du nur noch deine Teilnehmer*innen einladen.<\/p><p>Hierzu stehen dir mehrere M\u00f6glichkeiten zur Verf\u00fcgung.<\/p><ul><li><strong>Allgemeinen Link verschicken<\/strong><ul><li>\u00a0Hier kannst du festlegen, ob deine Teilnehmer*innen sich einfach nur mit einem Namen eintragen oder zus\u00e4tzlich ihre Email Adresse angeben sollen (f\u00fcr die schnelle Abwicklung der Umfrage die klar empfohlene Alternative)<\/li><\/ul><\/li><\/ul>\t\t\t\t\t<\/div>\n\t\t\t\t\t\t<\/div>\n\t\t\t\t<\/div>\n\t\t\t\t<div class=\"elementor-element elementor-element-3ca91c7 elementor-widget elementor-widget-image\" data-id=\"3ca91c7\" data-element_type=\"widget\" data-widget_type=\"image.default\">\n\t\t\t\t<div class=\"elementor-widget-container\">\n\t\t\t\t\t\t\t\t<div class=\"elementor-image\">\n\t\t\t\t\t\t\t\t\t<figure class=\"wp-caption\">\n\t\t\t\t\t\t\t\t\t\t<img loading=\"lazy\" decoding=\"async\" width=\"538\" height=\"192\" src=\"https:\/\/kulibri.com\/wp-content\/uploads\/2022\/02\/Manadory-Email-Setting.png\" class=\"attachment-medium_large size-medium_large wp-image-20278\" alt=\"kulibri Terminabstimmung: Link kopieren\" srcset=\"https:\/\/kulibri.com\/wp-content\/uploads\/2022\/02\/Manadory-Email-Setting.png 538w, https:\/\/kulibri.com\/wp-content\/uploads\/2022\/02\/Manadory-Email-Setting-300x107.png 300w\" sizes=\"(max-width: 538px) 100vw, 538px\" \/>\t\t\t\t\t\t\t\t\t\t\t<figcaption class=\"widget-image-caption wp-caption-text\">Option mit oder ohne Email<\/figcaption>\n\t\t\t\t\t\t\t\t\t\t<\/figure>\n\t\t\t\t\t\t\t\t<\/div>\n\t\t\t\t\t\t<\/div>\n\t\t\t\t<\/div>\n\t\t\t\t<div class=\"elementor-element elementor-element-3e87800 elementor-widget elementor-widget-text-editor\" data-id=\"3e87800\" data-element_type=\"widget\" data-widget_type=\"text-editor.default\">\n\t\t\t\t<div class=\"elementor-widget-container\">\n\t\t\t\t\t\t\t\t<div class=\"elementor-text-editor elementor-clearfix\">\n\t\t\t\t<p><strong>\u00a0<\/strong><\/p><ul><li><strong>kulibri personalisierte Einladungen an Kontakte verschicken lassen<\/strong>\u00a0\u00a0<\/li><\/ul><ul><li style=\"list-style-type: none;\"><ul><li>aus bestehenden Kontakten ausw\u00e4hlen<\/li><li>manuell neue Email Adressen hinzuf\u00fcgen<\/li><\/ul><\/li><\/ul><p>\u00a0<\/p>\t\t\t\t\t<\/div>\n\t\t\t\t\t\t<\/div>\n\t\t\t\t<\/div>\n\t\t\t\t<div class=\"elementor-element elementor-element-c3ff7db elementor-widget elementor-widget-image\" data-id=\"c3ff7db\" data-element_type=\"widget\" data-widget_type=\"image.default\">\n\t\t\t\t<div class=\"elementor-widget-container\">\n\t\t\t\t\t\t\t\t<div class=\"elementor-image\">\n\t\t\t\t\t\t\t\t\t<figure class=\"wp-caption\">\n\t\t\t\t\t\t\t\t\t\t<img loading=\"lazy\" decoding=\"async\" width=\"768\" height=\"373\" src=\"https:\/\/kulibri.com\/wp-content\/uploads\/2022\/02\/Einladungen-verschicken-768x373.png\" class=\"attachment-medium_large size-medium_large wp-image-20872\" alt=\"Einladungen verschicken\" srcset=\"https:\/\/kulibri.com\/wp-content\/uploads\/2022\/02\/Einladungen-verschicken-768x373.png 768w, https:\/\/kulibri.com\/wp-content\/uploads\/2022\/02\/Einladungen-verschicken-300x146.png 300w, https:\/\/kulibri.com\/wp-content\/uploads\/2022\/02\/Einladungen-verschicken-1024x497.png 1024w, https:\/\/kulibri.com\/wp-content\/uploads\/2022\/02\/Einladungen-verschicken-1536x746.png 1536w, https:\/\/kulibri.com\/wp-content\/uploads\/2022\/02\/Einladungen-verschicken.png 1916w\" sizes=\"(max-width: 768px) 100vw, 768px\" \/>\t\t\t\t\t\t\t\t\t\t\t<figcaption class=\"widget-image-caption wp-caption-text\">Einladungen verschicken mit \"Linkliste\"<\/figcaption>\n\t\t\t\t\t\t\t\t\t\t<\/figure>\n\t\t\t\t\t\t\t\t<\/div>\n\t\t\t\t\t\t<\/div>\n\t\t\t\t<\/div>\n\t\t\t\t<div class=\"elementor-element elementor-element-0497002 elementor-widget elementor-widget-text-editor\" data-id=\"0497002\" data-element_type=\"widget\" data-widget_type=\"text-editor.default\">\n\t\t\t\t<div class=\"elementor-widget-container\">\n\t\t\t\t\t\t\t\t<div class=\"elementor-text-editor elementor-clearfix\">\n\t\t\t\t<p style=\"text-align: center;\">\u00a0<\/p><ul><li style=\"list-style-type: none;\">\u00a0<\/li><\/ul><p>Jetzt musst du nur noch abwarten, dass deine Teilnehmer*innen Ihre Antworten abgeben, du wirst stets informiert.<\/p><p>Seit kulibri 2.0 hast du als Admin auch noch eine \u00dcbersicht der pers\u00f6nlichen Links, falls Teilnehmer diese nicht mehr finden k\u00f6nnen.<\/p><p>\u00a0<\/p><h3 style=\"text-align: center;\"><strong>Probiere es einfach selbst aus\u00a0<\/strong><\/h3>\t\t\t\t\t<\/div>\n\t\t\t\t\t\t<\/div>\n\t\t\t\t<\/div>\n\t\t\t\t<div class=\"elementor-element elementor-element-b2a1d2b elementor-align-center elementor-widget elementor-widget-button\" data-id=\"b2a1d2b\" data-element_type=\"widget\" data-widget_type=\"button.default\">\n\t\t\t\t<div class=\"elementor-widget-container\">\n\t\t\t\t\t<div class=\"elementor-button-wrapper\">\n\t\t\t<a href=\"https:\/\/app.kulibri.com\/pr\/new\" class=\"elementor-button-link elementor-button elementor-size-sm\" role=\"button\">\n\t\t\t\t\t\t<span class=\"elementor-button-content-wrapper\">\n\t\t\t\t\t\t<span class=\"elementor-button-text\">Jetzt Terminabstimmung erstellen<\/span>\n\t\t<\/span>\n\t\t\t\t\t<\/a>\n\t\t<\/div>\n\t\t\t\t<\/div>\n\t\t\t\t<\/div>\n\t\t\t\t\t\t<\/div>\n\t\t\t\t\t<\/div>\n\t\t<\/div>\n\t\t\t\t\t\t\t\t<\/div>\n\t\t\t\t\t<\/div>\n\t\t<\/section>\n\t\t\t\t\t\t\t\t\t<\/div>\n\t\t\t<\/div>\n\t\t\t\t\t<\/div>\n\t\t","protected":false},"excerpt":{"rendered":"<p>kulibri ist ein Online Tool, mit dem du Terminabstimmungen jeder Art einfach, schnell und werbefrei erstellen kannst.&nbsp; Die Teilnehmenden k\u00f6nnen Freunde\/Freundinnen, Mitarbeiter*innen, Partner oder auch Mitglieder deines Vereins oder deiner Mannschaft sein.&nbsp; In der Regel geht es darum, den Termin zu finden, der f\u00fcr die meisten in einer Gruppe am besten passt. Klingt einfach, f\u00fchrt&hellip;<\/p>\n","protected":false},"author":15,"featured_media":0,"parent":0,"menu_order":0,"comment_status":"closed","ping_status":"closed","template":"","meta":{"spay_email":"","footnotes":""},"yoast_head":"<!-- This site is optimized with the Yoast SEO Premium plugin v18.2.1 (Yoast SEO v18.4.1) - https:\/\/yoast.com\/wordpress\/plugins\/seo\/ -->\n<title>kulibri &bull; Terminabstimmungen individuell, kostenlos und werbefrei<\/title>\n<meta name=\"description\" content=\"kulibri ist dein Online Tool zur Terminabstimmung mit Freunden, Kollegen oder Mitgliedern eines Teams oder Vereins.\" \/>\n<meta name=\"robots\" content=\"index, follow, max-snippet:-1, max-image-preview:large, max-video-preview:-1\" \/>\n<link rel=\"canonical\" href=\"https:\/\/kulibri.com\/de\/terminabstimmung\" \/>\n<meta property=\"og:locale\" content=\"de_DE\" \/>\n<meta property=\"og:type\" content=\"article\" \/>\n<meta property=\"og:title\" content=\"Die Terminabstimmung mit kulibri\" \/>\n<meta property=\"og:description\" content=\"kulibri ist dein Online Tool zur Terminabstimmung mit Freunden, Kollegen oder Mitgliedern eines Teams oder Vereins.\" \/>\n<meta property=\"og:url\" content=\"https:\/\/kulibri.com\/de\/terminabstimmung\" \/>\n<meta property=\"og:site_name\" content=\"new kulibri\" \/>\n<meta property=\"article:modified_time\" content=\"2025-10-28T07:09:27+00:00\" \/>\n<meta property=\"og:image\" content=\"https:\/\/kulibri.com\/wp-content\/uploads\/2022\/02\/homepage-768x394.png\" \/>\n<meta name=\"twitter:card\" content=\"summary_large_image\" \/>\n<meta name=\"twitter:label1\" content=\"Est. reading time\" \/>\n\t<meta name=\"twitter:data1\" content=\"5 minutes\" \/>\n<script type=\"application\/ld+json\" class=\"yoast-schema-graph\">{\"@context\":\"https:\/\/schema.org\",\"@graph\":[{\"@type\":\"Organization\",\"@id\":\"https:\/\/kulibri.com\/de\/#organization\",\"name\":\"kulibri\",\"url\":\"https:\/\/kulibri.com\/de\/\",\"sameAs\":[],\"logo\":{\"@type\":\"ImageObject\",\"@id\":\"https:\/\/kulibri.com\/de\/#logo\",\"inLanguage\":\"de\",\"url\":\"https:\/\/kulibri.com\/wp-content\/uploads\/2021\/10\/Kulibri_logo_v01_s-13.png\",\"contentUrl\":\"https:\/\/kulibri.com\/wp-content\/uploads\/2021\/10\/Kulibri_logo_v01_s-13.png\",\"width\":313,\"height\":92,\"caption\":\"kulibri\"},\"image\":{\"@id\":\"https:\/\/kulibri.com\/de\/#logo\"}},{\"@type\":\"WebSite\",\"@id\":\"https:\/\/kulibri.com\/de\/#website\",\"url\":\"https:\/\/kulibri.com\/de\/\",\"name\":\"new kulibri\",\"description\":\"\",\"publisher\":{\"@id\":\"https:\/\/kulibri.com\/de\/#organization\"},\"potentialAction\":[{\"@type\":\"SearchAction\",\"target\":{\"@type\":\"EntryPoint\",\"urlTemplate\":\"https:\/\/kulibri.com\/de\/?s={search_term_string}\"},\"query-input\":\"required name=search_term_string\"}],\"inLanguage\":\"de\"},{\"@type\":\"ImageObject\",\"@id\":\"https:\/\/kulibri.com\/de\/terminabstimmung#primaryimage\",\"inLanguage\":\"de\",\"url\":\"https:\/\/kulibri.com\/wp-content\/uploads\/2022\/02\/homepage.png\",\"contentUrl\":\"https:\/\/kulibri.com\/wp-content\/uploads\/2022\/02\/homepage.png\",\"width\":1024,\"height\":525,\"caption\":\"kulibri homepage: Jetzt starten...\"},{\"@type\":\"WebPage\",\"@id\":\"https:\/\/kulibri.com\/de\/terminabstimmung#webpage\",\"url\":\"https:\/\/kulibri.com\/de\/terminabstimmung\",\"name\":\"kulibri &bull; Terminabstimmungen individuell, kostenlos und werbefrei\",\"isPartOf\":{\"@id\":\"https:\/\/kulibri.com\/de\/#website\"},\"primaryImageOfPage\":{\"@id\":\"https:\/\/kulibri.com\/de\/terminabstimmung#primaryimage\"},\"datePublished\":\"2022-02-25T10:40:09+00:00\",\"dateModified\":\"2025-10-28T07:09:27+00:00\",\"description\":\"kulibri ist dein Online Tool zur Terminabstimmung mit Freunden, Kollegen oder Mitgliedern eines Teams oder Vereins.\",\"breadcrumb\":{\"@id\":\"https:\/\/kulibri.com\/de\/terminabstimmung#breadcrumb\"},\"inLanguage\":\"de\",\"potentialAction\":[{\"@type\":\"ReadAction\",\"target\":[\"https:\/\/kulibri.com\/de\/terminabstimmung\"]}]},{\"@type\":\"BreadcrumbList\",\"@id\":\"https:\/\/kulibri.com\/de\/terminabstimmung#breadcrumb\",\"itemListElement\":[{\"@type\":\"ListItem\",\"position\":1,\"name\":\"Startseite\",\"item\":\"https:\/\/kulibri.com\/de\/startseite\"},{\"@type\":\"ListItem\",\"position\":2,\"name\":\"Die Terminabstimmung mit kulibri\"}]}]}<\/script>\n<!-- \/ Yoast SEO Premium plugin. -->","yoast_head_json":{"title":"kulibri &bull; Terminabstimmungen individuell, kostenlos und werbefrei","description":"kulibri ist dein Online Tool zur Terminabstimmung mit Freunden, Kollegen oder Mitgliedern eines Teams oder Vereins.","robots":{"index":"index","follow":"follow","max-snippet":"max-snippet:-1","max-image-preview":"max-image-preview:large","max-video-preview":"max-video-preview:-1"},"canonical":"https:\/\/kulibri.com\/de\/terminabstimmung","og_locale":"de_DE","og_type":"article","og_title":"Die Terminabstimmung mit kulibri","og_description":"kulibri ist dein Online Tool zur Terminabstimmung mit Freunden, Kollegen oder Mitgliedern eines Teams oder Vereins.","og_url":"https:\/\/kulibri.com\/de\/terminabstimmung","og_site_name":"new kulibri","article_modified_time":"2025-10-28T07:09:27+00:00","og_image":[{"url":"https:\/\/kulibri.com\/wp-content\/uploads\/2022\/02\/homepage-768x394.png"}],"twitter_card":"summary_large_image","twitter_misc":{"Est. reading time":"5 minutes"},"schema":{"@context":"https:\/\/schema.org","@graph":[{"@type":"Organization","@id":"https:\/\/kulibri.com\/de\/#organization","name":"kulibri","url":"https:\/\/kulibri.com\/de\/","sameAs":[],"logo":{"@type":"ImageObject","@id":"https:\/\/kulibri.com\/de\/#logo","inLanguage":"de","url":"https:\/\/kulibri.com\/wp-content\/uploads\/2021\/10\/Kulibri_logo_v01_s-13.png","contentUrl":"https:\/\/kulibri.com\/wp-content\/uploads\/2021\/10\/Kulibri_logo_v01_s-13.png","width":313,"height":92,"caption":"kulibri"},"image":{"@id":"https:\/\/kulibri.com\/de\/#logo"}},{"@type":"WebSite","@id":"https:\/\/kulibri.com\/de\/#website","url":"https:\/\/kulibri.com\/de\/","name":"new kulibri","description":"","publisher":{"@id":"https:\/\/kulibri.com\/de\/#organization"},"potentialAction":[{"@type":"SearchAction","target":{"@type":"EntryPoint","urlTemplate":"https:\/\/kulibri.com\/de\/?s={search_term_string}"},"query-input":"required name=search_term_string"}],"inLanguage":"de"},{"@type":"ImageObject","@id":"https:\/\/kulibri.com\/de\/terminabstimmung#primaryimage","inLanguage":"de","url":"https:\/\/kulibri.com\/wp-content\/uploads\/2022\/02\/homepage.png","contentUrl":"https:\/\/kulibri.com\/wp-content\/uploads\/2022\/02\/homepage.png","width":1024,"height":525,"caption":"kulibri homepage: Jetzt starten..."},{"@type":"WebPage","@id":"https:\/\/kulibri.com\/de\/terminabstimmung#webpage","url":"https:\/\/kulibri.com\/de\/terminabstimmung","name":"kulibri &bull; Terminabstimmungen individuell, kostenlos und werbefrei","isPartOf":{"@id":"https:\/\/kulibri.com\/de\/#website"},"primaryImageOfPage":{"@id":"https:\/\/kulibri.com\/de\/terminabstimmung#primaryimage"},"datePublished":"2022-02-25T10:40:09+00:00","dateModified":"2025-10-28T07:09:27+00:00","description":"kulibri ist dein Online Tool zur Terminabstimmung mit Freunden, Kollegen oder Mitgliedern eines Teams oder Vereins.","breadcrumb":{"@id":"https:\/\/kulibri.com\/de\/terminabstimmung#breadcrumb"},"inLanguage":"de","potentialAction":[{"@type":"ReadAction","target":["https:\/\/kulibri.com\/de\/terminabstimmung"]}]},{"@type":"BreadcrumbList","@id":"https:\/\/kulibri.com\/de\/terminabstimmung#breadcrumb","itemListElement":[{"@type":"ListItem","position":1,"name":"Startseite","item":"https:\/\/kulibri.com\/de\/startseite"},{"@type":"ListItem","position":2,"name":"Die Terminabstimmung mit kulibri"}]}]}},"_links":{"self":[{"href":"https:\/\/kulibri.com\/de\/wp-json\/wp\/v2\/pages\/20857"}],"collection":[{"href":"https:\/\/kulibri.com\/de\/wp-json\/wp\/v2\/pages"}],"about":[{"href":"https:\/\/kulibri.com\/de\/wp-json\/wp\/v2\/types\/page"}],"author":[{"embeddable":true,"href":"https:\/\/kulibri.com\/de\/wp-json\/wp\/v2\/users\/15"}],"replies":[{"embeddable":true,"href":"https:\/\/kulibri.com\/de\/wp-json\/wp\/v2\/comments?post=20857"}],"version-history":[{"count":1,"href":"https:\/\/kulibri.com\/de\/wp-json\/wp\/v2\/pages\/20857\/revisions"}],"predecessor-version":[{"id":21937,"href":"https:\/\/kulibri.com\/de\/wp-json\/wp\/v2\/pages\/20857\/revisions\/21937"}],"wp:attachment":[{"href":"https:\/\/kulibri.com\/de\/wp-json\/wp\/v2\/media?parent=20857"}],"curies":[{"name":"wp","href":"https:\/\/api.w.org\/{rel}","templated":true}]}}