{"id":21216,"date":"2022-05-19T10:01:52","date_gmt":"2022-05-19T08:01:52","guid":{"rendered":"https:\/\/kulibri.com\/?page_id=21216"},"modified":"2025-10-28T08:01:42","modified_gmt":"2025-10-28T07:01:42","slug":"termin-finden","status":"publish","type":"page","link":"https:\/\/kulibri.com\/de\/termin-finden","title":{"rendered":"Termin finden mit kulibri"},"content":{"rendered":"\t\t<div data-elementor-type=\"wp-page\" data-elementor-id=\"21216\" class=\"elementor elementor-21216\">\n\t\t\t\t\t\t<div class=\"elementor-inner\">\n\t\t\t\t<div class=\"elementor-section-wrap\">\n\t\t\t\t\t\t\t\t\t<section class=\"elementor-section elementor-top-section elementor-element elementor-element-61187db elementor-section-boxed elementor-section-height-default elementor-section-height-default\" data-id=\"61187db\" data-element_type=\"section\">\n\t\t\t\t\t\t<div class=\"elementor-container elementor-column-gap-default\">\n\t\t\t\t\t\t\t<div class=\"elementor-row\">\n\t\t\t\t\t<div class=\"elementor-column elementor-col-100 elementor-top-column elementor-element elementor-element-0f0d298\" data-id=\"0f0d298\" data-element_type=\"column\">\n\t\t\t<div class=\"elementor-column-wrap elementor-element-populated\">\n\t\t\t\t\t\t\t<div class=\"elementor-widget-wrap\">\n\t\t\t\t\t\t<div class=\"elementor-element elementor-element-ec58895 elementor-widget elementor-widget-text-editor\" data-id=\"ec58895\" data-element_type=\"widget\" data-widget_type=\"text-editor.default\">\n\t\t\t\t<div class=\"elementor-widget-container\">\n\t\t\t\t\t\t\t\t<div class=\"elementor-text-editor elementor-clearfix\">\n\t\t\t\t<p>kulibri ist ein Online Tool, mit dem Du mit Deinen\u00a0Freunden\/Freundinnen, Mitarbeiter*innen oder auch Mitgliedern Deines Vereins oder Deines Teams schnell, einfach und kostenlos die besten\u00a0Termine\u00a0f\u00fcr Eure Treffen finden kannst.\u00a0<\/p><p>Klingt einfach, f\u00fchrt aber mit den herk\u00f6mmlichen Methoden \u2013 Email oder WhatsApp o.\u00e4. \u2013 zu regelrechten \u201eEmail Lawinen\u201c oder \u201eWhatsApp Schlachten\u201c.<\/p><p>Einen passenden Termin f\u00fcr ein gemeinsames Abendessen mit 10 Teilnehmern zu finden, erzeugt in der Regel mindestens 50 WhatsApp (oder Signal etc.) Nachrichten.<\/p><p>Wertvolle Zeit, die sich mit der Terminabfrage von kulibri einfach sparen l\u00e4sst.<\/p><p>Eine Terminumfrage ist mit wenigen Klicks erstellt.\u00a0<\/p><p><strong>Die Benutzung von kulibri erfordert keine Registrierung und ist kostenlos.<\/strong><\/p><p>\u00a0<\/p>\t\t\t\t\t<\/div>\n\t\t\t\t\t\t<\/div>\n\t\t\t\t<\/div>\n\t\t\t\t<div class=\"elementor-element elementor-element-3900f03 elementor-widget elementor-widget-heading\" data-id=\"3900f03\" data-element_type=\"widget\" data-widget_type=\"heading.default\">\n\t\t\t\t<div class=\"elementor-widget-container\">\n\t\t\t<h2 class=\"elementor-heading-title elementor-size-default\">Termine finden in wenigen Schritten\n<\/h2>\t\t<\/div>\n\t\t\t\t<\/div>\n\t\t\t\t<div class=\"elementor-element elementor-element-b2d0aa6 elementor-widget elementor-widget-text-editor\" data-id=\"b2d0aa6\" data-element_type=\"widget\" data-widget_type=\"text-editor.default\">\n\t\t\t\t<div class=\"elementor-widget-container\">\n\t\t\t\t\t\t\t\t<div class=\"elementor-text-editor elementor-clearfix\">\n\t\t\t\t<p>Das Grundprinzip ist wie bei allen kulibri Abstimmungen denkbar einfach:\u00a0<\/p><p>Du erstellst die Terminvorschl\u00e4ge , schickst sie an deine Teilnehmer und wartest auf deren Antworten.\u00a0<\/p><p>Hierf\u00fcr brauchst du nur eine Email Adresse (diese ben\u00f6tigen wir, damit wir dir deinen Admin Link schicken k\u00f6nnen).\u00a0<\/p><p>Wie das ganze funktioniert kannst du dir <span style=\"color: #ee4540;\"><a style=\"color: #ee4540;\" href=\"\/de\/beispiel-videos\">hier in einem kurzen Video<\/a> <\/span>ansehen.<\/p><p>\u00a0<\/p><h3><strong>\u00a0<\/strong><\/h3><h3><strong>Schritt 1: Starten \u00fcber die Homepage oder das\u00a0<\/strong><b>Dashboard<\/b><\/h3><p><span style=\"word-spacing: normal;\">Klicke auf der Startseite, Deinem Dashboard oder auch auf einer Umfrageseite auf &#8220;Jetzt starten&#8221; oder &#8220;Neues Projekt&#8221;<\/span><\/p><p><span style=\"word-spacing: normal;\">\u00a0<\/span><\/p>\t\t\t\t\t<\/div>\n\t\t\t\t\t\t<\/div>\n\t\t\t\t<\/div>\n\t\t\t\t<div class=\"elementor-element elementor-element-9f6369f elementor-widget elementor-widget-image\" data-id=\"9f6369f\" data-element_type=\"widget\" data-widget_type=\"image.default\">\n\t\t\t\t<div class=\"elementor-widget-container\">\n\t\t\t\t\t\t\t\t<div class=\"elementor-image\">\n\t\t\t\t\t\t\t\t\t<figure class=\"wp-caption\">\n\t\t\t\t\t\t\t\t\t\t<img loading=\"lazy\" decoding=\"async\" width=\"768\" height=\"394\" src=\"https:\/\/kulibri.com\/wp-content\/uploads\/2022\/02\/homepage-768x394.png\" class=\"attachment-medium_large size-medium_large wp-image-20862\" alt=\"kulibri homepage\" srcset=\"https:\/\/kulibri.com\/wp-content\/uploads\/2022\/02\/homepage-768x394.png 768w, https:\/\/kulibri.com\/wp-content\/uploads\/2022\/02\/homepage-300x154.png 300w, https:\/\/kulibri.com\/wp-content\/uploads\/2022\/02\/homepage.png 1024w\" sizes=\"(max-width: 768px) 100vw, 768px\" \/>\t\t\t\t\t\t\t\t\t\t\t<figcaption class=\"widget-image-caption wp-caption-text\">kulibri homepage: Jetzt starten...<\/figcaption>\n\t\t\t\t\t\t\t\t\t\t<\/figure>\n\t\t\t\t\t\t\t\t<\/div>\n\t\t\t\t\t\t<\/div>\n\t\t\t\t<\/div>\n\t\t\t\t<div class=\"elementor-element elementor-element-d4e5956 elementor-widget elementor-widget-text-editor\" data-id=\"d4e5956\" data-element_type=\"widget\" data-widget_type=\"text-editor.default\">\n\t\t\t\t<div class=\"elementor-widget-container\">\n\t\t\t\t\t\t\t\t<div class=\"elementor-text-editor elementor-clearfix\">\n\t\t\t\t<h3><strong>Schritt 2: Name, Einstellungen und Hintergrundbild f\u00fcr Deine Umfrage\u00a0<br \/><\/strong><\/h3><p><span style=\"word-spacing: normal;\">Auf dem Hauptbildschirm gibts Du deiner Terminabstimmung einen Titel, eine Beschreibung und gibst deine Email Adresse an (falls du nicht angemeldet bist).<\/span><\/p><p>W\u00e4hrend Du an den Einstellungen arbeitest, siehst du stets im Live Preview auf der linken Seite, wie Deine Umfrage letztlich aussehen wird.<\/p>\t\t\t\t\t<\/div>\n\t\t\t\t\t\t<\/div>\n\t\t\t\t<\/div>\n\t\t\t\t<div class=\"elementor-element elementor-element-ed5b710 elementor-widget elementor-widget-image\" data-id=\"ed5b710\" data-element_type=\"widget\" data-widget_type=\"image.default\">\n\t\t\t\t<div class=\"elementor-widget-container\">\n\t\t\t\t\t\t\t\t<div class=\"elementor-image\">\n\t\t\t\t\t\t\t\t\t<figure class=\"wp-caption\">\n\t\t\t\t\t\t\t\t\t\t<img loading=\"lazy\" decoding=\"async\" width=\"768\" height=\"408\" src=\"https:\/\/kulibri.com\/wp-content\/uploads\/2022\/02\/Terminabstimmung-Neue-Settings-768x408.png\" class=\"attachment-medium_large size-medium_large wp-image-20330\" alt=\"kulibri Terminabstimmung Einstellungen\" srcset=\"https:\/\/kulibri.com\/wp-content\/uploads\/2022\/02\/Terminabstimmung-Neue-Settings-768x408.png 768w, https:\/\/kulibri.com\/wp-content\/uploads\/2022\/02\/Terminabstimmung-Neue-Settings-300x159.png 300w, https:\/\/kulibri.com\/wp-content\/uploads\/2022\/02\/Terminabstimmung-Neue-Settings-1024x543.png 1024w, https:\/\/kulibri.com\/wp-content\/uploads\/2022\/02\/Terminabstimmung-Neue-Settings-1536x815.png 1536w, https:\/\/kulibri.com\/wp-content\/uploads\/2022\/02\/Terminabstimmung-Neue-Settings.png 1918w\" sizes=\"(max-width: 768px) 100vw, 768px\" \/>\t\t\t\t\t\t\t\t\t\t\t<figcaption class=\"widget-image-caption wp-caption-text\">kulibri Einstellungen f\u00fcr \"Termin finden\"<\/figcaption>\n\t\t\t\t\t\t\t\t\t\t<\/figure>\n\t\t\t\t\t\t\t\t<\/div>\n\t\t\t\t\t\t<\/div>\n\t\t\t\t<\/div>\n\t\t\t\t<div class=\"elementor-element elementor-element-dc5a8e4 elementor-widget elementor-widget-text-editor\" data-id=\"dc5a8e4\" data-element_type=\"widget\" data-widget_type=\"text-editor.default\">\n\t\t\t\t<div class=\"elementor-widget-container\">\n\t\t\t\t\t\t\t\t<div class=\"elementor-text-editor elementor-clearfix\">\n\t\t\t\t<p>Danach bestimmst du das Aussehen der Terminumfrage in dem du das <strong>Hintergrundbild ausw\u00e4hlst oder ein eigenes hochl\u00e4dst.<\/strong> Zudem kannst Du zwischen Dark- und Lightmode w\u00e4hlen.<\/p>\t\t\t\t\t<\/div>\n\t\t\t\t\t\t<\/div>\n\t\t\t\t<\/div>\n\t\t\t\t<div class=\"elementor-element elementor-element-d1951e2 elementor-widget elementor-widget-image\" data-id=\"d1951e2\" data-element_type=\"widget\" data-widget_type=\"image.default\">\n\t\t\t\t<div class=\"elementor-widget-container\">\n\t\t\t\t\t\t\t\t<div class=\"elementor-image\">\n\t\t\t\t\t\t\t\t\t<figure class=\"wp-caption\">\n\t\t\t\t\t\t\t\t\t\t<img loading=\"lazy\" decoding=\"async\" width=\"768\" height=\"392\" src=\"https:\/\/kulibri.com\/wp-content\/uploads\/2022\/03\/Library-DarkMode-English-1-768x392.png\" class=\"attachment-medium_large size-medium_large wp-image-21006\" alt=\"\" srcset=\"https:\/\/kulibri.com\/wp-content\/uploads\/2022\/03\/Library-DarkMode-English-1-768x392.png 768w, https:\/\/kulibri.com\/wp-content\/uploads\/2022\/03\/Library-DarkMode-English-1-300x153.png 300w, https:\/\/kulibri.com\/wp-content\/uploads\/2022\/03\/Library-DarkMode-English-1.png 800w\" sizes=\"(max-width: 768px) 100vw, 768px\" \/>\t\t\t\t\t\t\t\t\t\t\t<figcaption class=\"widget-image-caption wp-caption-text\">Eigene Bilder hochladen oder aus Galerie ausw\u00e4hlen<\/figcaption>\n\t\t\t\t\t\t\t\t\t\t<\/figure>\n\t\t\t\t\t\t\t\t<\/div>\n\t\t\t\t\t\t<\/div>\n\t\t\t\t<\/div>\n\t\t\t\t<div class=\"elementor-element elementor-element-2dfc520 elementor-widget elementor-widget-text-editor\" data-id=\"2dfc520\" data-element_type=\"widget\" data-widget_type=\"text-editor.default\">\n\t\t\t\t<div class=\"elementor-widget-container\">\n\t\t\t\t\t\t\t\t<div class=\"elementor-text-editor elementor-clearfix\">\n\t\t\t\t<p>\u00a0<\/p><p>Wenn du mit Gestaltung zufrieden bist, definierst du noch die\u00a0Einstellungen\u00a0die f\u00fcr Deinen Fall am besten passen um schnell einen Termin in der Gruppe zu finden:<\/p><p>JA\/NEIN\/WENN ES SEIN MUSS \/ Maximale ANZAHL Stimmen \/ Single Choice \/ Kommentare (An\/Aus) \/ Verdeckte Antworten \/ etc.<\/p><p><a href=\"\/de\/die-neue-terminabstimmung\"><span style=\"color: #ee4540;\">Details hierzu findest du hier<\/span>\u00a0<\/a><span style=\"word-spacing: normal;\">\u00a0<\/span><\/p>\t\t\t\t\t<\/div>\n\t\t\t\t\t\t<\/div>\n\t\t\t\t<\/div>\n\t\t\t\t<div class=\"elementor-element elementor-element-f09fa72 elementor-widget elementor-widget-text-editor\" data-id=\"f09fa72\" data-element_type=\"widget\" data-widget_type=\"text-editor.default\">\n\t\t\t\t<div class=\"elementor-widget-container\">\n\t\t\t\t\t\t\t\t<div class=\"elementor-text-editor elementor-clearfix\">\n\t\t\t\t<p><strong>\u00a0<\/strong><\/p><h3><strong>Schritt 3: Tage und Uhrzeiten ausw\u00e4hlen<\/strong><\/h3><p>Lege nun die Tage und\/oder Uhrzeiten fest, die in Deiner Terminfindung zur Abstimmung stehen sollen.<\/p><p>Mit wenigen Klicks auf den Kalender hast Du die Tage ausgew\u00e4hlt.<\/p><p>Die Uhrzeiten sind optional.<\/p><p>Seit der neuen Version von kulibri kannst du nun auch noch eine weitere Dimension hinzuf\u00fcgen, z.B. f\u00fcr R\u00e4ume, Gruppen, Orte, Lehrer etc.<\/p>\t\t\t\t\t<\/div>\n\t\t\t\t\t\t<\/div>\n\t\t\t\t<\/div>\n\t\t\t\t<div class=\"elementor-element elementor-element-cb09371 elementor-widget elementor-widget-image\" data-id=\"cb09371\" data-element_type=\"widget\" data-widget_type=\"image.default\">\n\t\t\t\t<div class=\"elementor-widget-container\">\n\t\t\t\t\t\t\t\t<div class=\"elementor-image\">\n\t\t\t\t\t\t\t\t\t<figure class=\"wp-caption\">\n\t\t\t\t\t\t\t\t\t\t<img loading=\"lazy\" decoding=\"async\" width=\"768\" height=\"407\" src=\"https:\/\/kulibri.com\/wp-content\/uploads\/2022\/02\/Bearbeiten-Zeiten-768x407.png\" class=\"attachment-medium_large size-medium_large wp-image-20343\" alt=\"kulibri Terminabstimmung Datumsauswahl\" srcset=\"https:\/\/kulibri.com\/wp-content\/uploads\/2022\/02\/Bearbeiten-Zeiten-768x407.png 768w, https:\/\/kulibri.com\/wp-content\/uploads\/2022\/02\/Bearbeiten-Zeiten-300x159.png 300w, https:\/\/kulibri.com\/wp-content\/uploads\/2022\/02\/Bearbeiten-Zeiten-1024x543.png 1024w, https:\/\/kulibri.com\/wp-content\/uploads\/2022\/02\/Bearbeiten-Zeiten-1536x814.png 1536w, https:\/\/kulibri.com\/wp-content\/uploads\/2022\/02\/Bearbeiten-Zeiten.png 1918w\" sizes=\"(max-width: 768px) 100vw, 768px\" \/>\t\t\t\t\t\t\t\t\t\t\t<figcaption class=\"widget-image-caption wp-caption-text\">Zeiten ausw\u00e4hlen bei \"Termin finden\"<\/figcaption>\n\t\t\t\t\t\t\t\t\t\t<\/figure>\n\t\t\t\t\t\t\t\t<\/div>\n\t\t\t\t\t\t<\/div>\n\t\t\t\t<\/div>\n\t\t\t\t<div class=\"elementor-element elementor-element-7571070 elementor-widget elementor-widget-text-editor\" data-id=\"7571070\" data-element_type=\"widget\" data-widget_type=\"text-editor.default\">\n\t\t\t\t<div class=\"elementor-widget-container\">\n\t\t\t\t\t\t\t\t<div class=\"elementor-text-editor elementor-clearfix\">\n\t\t\t\t<p><strong>\u00a0<\/strong><\/p><h3><strong>Schritt 4: Teilnehmer*innen einladen\u00a0<\/strong><\/h3><p>Um einen Termin in der Gruppe zu finden musst Du im letzten Schritt nur noch Deine Teilnehmer*innen einladen.<\/p><p>Hierzu stehen Dir mehrere M\u00f6glichkeiten zur Verf\u00fcgung.<\/p><ul><li><strong>Allgemeinen Link verschicken<\/strong><ul><li>\u00a0Hier kannst Du festlegen, ob deine Teilnehmer*innen sich einfach nur mit einem Namen eintragen oder zus\u00e4tzlich ihre Email Adresse angeben sollen (f\u00fcr die schnelle Abwicklung der Umfrage die klar empfohlene Alternative)<\/li><\/ul><\/li><\/ul>\t\t\t\t\t<\/div>\n\t\t\t\t\t\t<\/div>\n\t\t\t\t<\/div>\n\t\t\t\t<div class=\"elementor-element elementor-element-3ca91c7 elementor-widget elementor-widget-image\" data-id=\"3ca91c7\" data-element_type=\"widget\" data-widget_type=\"image.default\">\n\t\t\t\t<div class=\"elementor-widget-container\">\n\t\t\t\t\t\t\t\t<div class=\"elementor-image\">\n\t\t\t\t\t\t\t\t\t<figure class=\"wp-caption\">\n\t\t\t\t\t\t\t\t\t\t<img loading=\"lazy\" decoding=\"async\" width=\"538\" height=\"192\" src=\"https:\/\/kulibri.com\/wp-content\/uploads\/2022\/02\/Manadory-Email-Setting.png\" class=\"attachment-medium_large size-medium_large wp-image-20278\" alt=\"kulibri Terminabstimmung: Link kopieren\" srcset=\"https:\/\/kulibri.com\/wp-content\/uploads\/2022\/02\/Manadory-Email-Setting.png 538w, https:\/\/kulibri.com\/wp-content\/uploads\/2022\/02\/Manadory-Email-Setting-300x107.png 300w\" sizes=\"(max-width: 538px) 100vw, 538px\" \/>\t\t\t\t\t\t\t\t\t\t\t<figcaption class=\"widget-image-caption wp-caption-text\">Option mit oder ohne Email<\/figcaption>\n\t\t\t\t\t\t\t\t\t\t<\/figure>\n\t\t\t\t\t\t\t\t<\/div>\n\t\t\t\t\t\t<\/div>\n\t\t\t\t<\/div>\n\t\t\t\t<div class=\"elementor-element elementor-element-3e87800 elementor-widget elementor-widget-text-editor\" data-id=\"3e87800\" data-element_type=\"widget\" data-widget_type=\"text-editor.default\">\n\t\t\t\t<div class=\"elementor-widget-container\">\n\t\t\t\t\t\t\t\t<div class=\"elementor-text-editor elementor-clearfix\">\n\t\t\t\t<p><strong>\u00a0<\/strong><\/p><ul><li><strong>kulibri personalisierte Einladungen an Kontakte verschicken lassen<\/strong>\u00a0\u00a0<\/li><\/ul><ul><li style=\"list-style-type: none;\"><ul><li>aus bestehenden Kontakten ausw\u00e4hlen<\/li><li>manuell neue Email Adressen hinzuf\u00fcgen<\/li><\/ul><\/li><\/ul><p>\u00a0<\/p>\t\t\t\t\t<\/div>\n\t\t\t\t\t\t<\/div>\n\t\t\t\t<\/div>\n\t\t\t\t<div class=\"elementor-element elementor-element-c3ff7db elementor-widget elementor-widget-image\" data-id=\"c3ff7db\" data-element_type=\"widget\" data-widget_type=\"image.default\">\n\t\t\t\t<div class=\"elementor-widget-container\">\n\t\t\t\t\t\t\t\t<div class=\"elementor-image\">\n\t\t\t\t\t\t\t\t\t<figure class=\"wp-caption\">\n\t\t\t\t\t\t\t\t\t\t<img loading=\"lazy\" decoding=\"async\" width=\"768\" height=\"373\" src=\"https:\/\/kulibri.com\/wp-content\/uploads\/2022\/02\/Einladungen-verschicken-768x373.png\" class=\"attachment-medium_large size-medium_large wp-image-20872\" alt=\"Einladungen verschicken\" srcset=\"https:\/\/kulibri.com\/wp-content\/uploads\/2022\/02\/Einladungen-verschicken-768x373.png 768w, https:\/\/kulibri.com\/wp-content\/uploads\/2022\/02\/Einladungen-verschicken-300x146.png 300w, https:\/\/kulibri.com\/wp-content\/uploads\/2022\/02\/Einladungen-verschicken-1024x497.png 1024w, https:\/\/kulibri.com\/wp-content\/uploads\/2022\/02\/Einladungen-verschicken-1536x746.png 1536w, https:\/\/kulibri.com\/wp-content\/uploads\/2022\/02\/Einladungen-verschicken.png 1916w\" sizes=\"(max-width: 768px) 100vw, 768px\" \/>\t\t\t\t\t\t\t\t\t\t\t<figcaption class=\"widget-image-caption wp-caption-text\">Einladungen verschicken mit \"Linkliste\"<\/figcaption>\n\t\t\t\t\t\t\t\t\t\t<\/figure>\n\t\t\t\t\t\t\t\t<\/div>\n\t\t\t\t\t\t<\/div>\n\t\t\t\t<\/div>\n\t\t\t\t<div class=\"elementor-element elementor-element-0497002 elementor-widget elementor-widget-text-editor\" data-id=\"0497002\" data-element_type=\"widget\" data-widget_type=\"text-editor.default\">\n\t\t\t\t<div class=\"elementor-widget-container\">\n\t\t\t\t\t\t\t\t<div class=\"elementor-text-editor elementor-clearfix\">\n\t\t\t\t<p style=\"text-align: center;\">\u00a0<\/p><ul><li style=\"list-style-type: none;\">\u00a0<\/li><\/ul><p>Jetzt musst du nur noch abwarten, dass deine Teilnehmer*innen Ihre Antworten abgeben, du wirst stets informiert.<\/p><p>Seit der neuen Version von kulibri hast du als Admin auch noch eine \u00dcbersicht der pers\u00f6nlichen Links der Teilnehmer, falls diese die Links nicht mehr finden sollten.<\/p><p>\u00a0<\/p><h3 style=\"text-align: center;\"><strong>Probiere es einfach selbst aus\u00a0<\/strong><\/h3>\t\t\t\t\t<\/div>\n\t\t\t\t\t\t<\/div>\n\t\t\t\t<\/div>\n\t\t\t\t<div class=\"elementor-element elementor-element-b2a1d2b elementor-align-center elementor-widget elementor-widget-button\" data-id=\"b2a1d2b\" data-element_type=\"widget\" data-widget_type=\"button.default\">\n\t\t\t\t<div class=\"elementor-widget-container\">\n\t\t\t\t\t<div class=\"elementor-button-wrapper\">\n\t\t\t<a href=\"https:\/\/app.kulibri.com\/pr\/new\" class=\"elementor-button-link elementor-button elementor-size-sm\" role=\"button\">\n\t\t\t\t\t\t<span class=\"elementor-button-content-wrapper\">\n\t\t\t\t\t\t<span class=\"elementor-button-text\">Jetzt Termin finden<\/span>\n\t\t<\/span>\n\t\t\t\t\t<\/a>\n\t\t<\/div>\n\t\t\t\t<\/div>\n\t\t\t\t<\/div>\n\t\t\t\t\t\t<\/div>\n\t\t\t\t\t<\/div>\n\t\t<\/div>\n\t\t\t\t\t\t\t\t<\/div>\n\t\t\t\t\t<\/div>\n\t\t<\/section>\n\t\t\t\t\t\t\t\t\t<\/div>\n\t\t\t<\/div>\n\t\t\t\t\t<\/div>\n\t\t","protected":false},"excerpt":{"rendered":"<p>kulibri ist ein Online Tool, mit dem Du mit Deinen&nbsp;Freunden\/Freundinnen, Mitarbeiter*innen oder auch Mitgliedern Deines Vereins oder Deines Teams schnell, einfach und kostenlos die besten&nbsp;Termine&nbsp;f\u00fcr Eure Treffen finden kannst.&nbsp; Klingt einfach, f\u00fchrt aber mit den herk\u00f6mmlichen Methoden \u2013 Email oder WhatsApp o.\u00e4. \u2013 zu regelrechten \u201eEmail Lawinen\u201c oder \u201eWhatsApp Schlachten\u201c. Einen passenden Termin f\u00fcr ein&hellip;<\/p>\n","protected":false},"author":15,"featured_media":0,"parent":0,"menu_order":0,"comment_status":"closed","ping_status":"closed","template":"","meta":{"spay_email":"","footnotes":""},"yoast_head":"<!-- This site is optimized with the Yoast SEO Premium plugin v18.2.1 (Yoast SEO v18.4.1) - https:\/\/yoast.com\/wordpress\/plugins\/seo\/ -->\n<title>kulibri &bull; Termin finden mit wenigen Klicks, kostenlos und werbefrei<\/title>\n<meta name=\"description\" content=\"kulibri ist ein Online Tool um mit Freunden, Kollegen, Kunden oder in Teams schnell und kostenlos den passenden Termin f\u00fcr Treffen zu finden.\" \/>\n<meta name=\"robots\" content=\"index, follow, max-snippet:-1, max-image-preview:large, max-video-preview:-1\" \/>\n<link rel=\"canonical\" href=\"https:\/\/kulibri.com\/de\/termin-finden\" \/>\n<meta property=\"og:locale\" content=\"de_DE\" \/>\n<meta property=\"og:type\" content=\"article\" \/>\n<meta property=\"og:title\" content=\"Termin finden mit kulibri\" \/>\n<meta property=\"og:description\" content=\"kulibri ist ein Online Tool um mit Freunden, Kollegen, Kunden oder in Teams schnell und kostenlos den passenden Termin f\u00fcr Treffen zu finden.\" \/>\n<meta property=\"og:url\" content=\"https:\/\/kulibri.com\/de\/termin-finden\" \/>\n<meta property=\"og:site_name\" content=\"new kulibri\" \/>\n<meta property=\"article:modified_time\" content=\"2025-10-28T07:01:42+00:00\" \/>\n<meta property=\"og:image\" content=\"https:\/\/kulibri.com\/wp-content\/uploads\/2022\/02\/homepage-768x394.png\" \/>\n<meta name=\"twitter:card\" content=\"summary_large_image\" \/>\n<meta name=\"twitter:label1\" content=\"Est. reading time\" \/>\n\t<meta name=\"twitter:data1\" content=\"5 minutes\" \/>\n<script type=\"application\/ld+json\" class=\"yoast-schema-graph\">{\"@context\":\"https:\/\/schema.org\",\"@graph\":[{\"@type\":\"Organization\",\"@id\":\"https:\/\/kulibri.com\/de\/#organization\",\"name\":\"kulibri\",\"url\":\"https:\/\/kulibri.com\/de\/\",\"sameAs\":[],\"logo\":{\"@type\":\"ImageObject\",\"@id\":\"https:\/\/kulibri.com\/de\/#logo\",\"inLanguage\":\"de\",\"url\":\"https:\/\/kulibri.com\/wp-content\/uploads\/2021\/10\/Kulibri_logo_v01_s-13.png\",\"contentUrl\":\"https:\/\/kulibri.com\/wp-content\/uploads\/2021\/10\/Kulibri_logo_v01_s-13.png\",\"width\":313,\"height\":92,\"caption\":\"kulibri\"},\"image\":{\"@id\":\"https:\/\/kulibri.com\/de\/#logo\"}},{\"@type\":\"WebSite\",\"@id\":\"https:\/\/kulibri.com\/de\/#website\",\"url\":\"https:\/\/kulibri.com\/de\/\",\"name\":\"new kulibri\",\"description\":\"\",\"publisher\":{\"@id\":\"https:\/\/kulibri.com\/de\/#organization\"},\"potentialAction\":[{\"@type\":\"SearchAction\",\"target\":{\"@type\":\"EntryPoint\",\"urlTemplate\":\"https:\/\/kulibri.com\/de\/?s={search_term_string}\"},\"query-input\":\"required name=search_term_string\"}],\"inLanguage\":\"de\"},{\"@type\":\"ImageObject\",\"@id\":\"https:\/\/kulibri.com\/de\/termin-finden#primaryimage\",\"inLanguage\":\"de\",\"url\":\"https:\/\/kulibri.com\/wp-content\/uploads\/2022\/02\/homepage.png\",\"contentUrl\":\"https:\/\/kulibri.com\/wp-content\/uploads\/2022\/02\/homepage.png\",\"width\":1024,\"height\":525,\"caption\":\"kulibri homepage: Jetzt starten...\"},{\"@type\":\"WebPage\",\"@id\":\"https:\/\/kulibri.com\/de\/termin-finden#webpage\",\"url\":\"https:\/\/kulibri.com\/de\/termin-finden\",\"name\":\"kulibri &bull; Termin finden mit wenigen Klicks, kostenlos und werbefrei\",\"isPartOf\":{\"@id\":\"https:\/\/kulibri.com\/de\/#website\"},\"primaryImageOfPage\":{\"@id\":\"https:\/\/kulibri.com\/de\/termin-finden#primaryimage\"},\"datePublished\":\"2022-05-19T08:01:52+00:00\",\"dateModified\":\"2025-10-28T07:01:42+00:00\",\"description\":\"kulibri ist ein Online Tool um mit Freunden, Kollegen, Kunden oder in Teams schnell und kostenlos den passenden Termin f\u00fcr Treffen zu finden.\",\"breadcrumb\":{\"@id\":\"https:\/\/kulibri.com\/de\/termin-finden#breadcrumb\"},\"inLanguage\":\"de\",\"potentialAction\":[{\"@type\":\"ReadAction\",\"target\":[\"https:\/\/kulibri.com\/de\/termin-finden\"]}]},{\"@type\":\"BreadcrumbList\",\"@id\":\"https:\/\/kulibri.com\/de\/termin-finden#breadcrumb\",\"itemListElement\":[{\"@type\":\"ListItem\",\"position\":1,\"name\":\"Startseite\",\"item\":\"https:\/\/kulibri.com\/de\/startseite\"},{\"@type\":\"ListItem\",\"position\":2,\"name\":\"Termin finden mit kulibri\"}]}]}<\/script>\n<!-- \/ Yoast SEO Premium plugin. -->","yoast_head_json":{"title":"kulibri &bull; Termin finden mit wenigen Klicks, kostenlos und werbefrei","description":"kulibri ist ein Online Tool um mit Freunden, Kollegen, Kunden oder in Teams schnell und kostenlos den passenden Termin f\u00fcr Treffen zu finden.","robots":{"index":"index","follow":"follow","max-snippet":"max-snippet:-1","max-image-preview":"max-image-preview:large","max-video-preview":"max-video-preview:-1"},"canonical":"https:\/\/kulibri.com\/de\/termin-finden","og_locale":"de_DE","og_type":"article","og_title":"Termin finden mit kulibri","og_description":"kulibri ist ein Online Tool um mit Freunden, Kollegen, Kunden oder in Teams schnell und kostenlos den passenden Termin f\u00fcr Treffen zu finden.","og_url":"https:\/\/kulibri.com\/de\/termin-finden","og_site_name":"new kulibri","article_modified_time":"2025-10-28T07:01:42+00:00","og_image":[{"url":"https:\/\/kulibri.com\/wp-content\/uploads\/2022\/02\/homepage-768x394.png"}],"twitter_card":"summary_large_image","twitter_misc":{"Est. reading time":"5 minutes"},"schema":{"@context":"https:\/\/schema.org","@graph":[{"@type":"Organization","@id":"https:\/\/kulibri.com\/de\/#organization","name":"kulibri","url":"https:\/\/kulibri.com\/de\/","sameAs":[],"logo":{"@type":"ImageObject","@id":"https:\/\/kulibri.com\/de\/#logo","inLanguage":"de","url":"https:\/\/kulibri.com\/wp-content\/uploads\/2021\/10\/Kulibri_logo_v01_s-13.png","contentUrl":"https:\/\/kulibri.com\/wp-content\/uploads\/2021\/10\/Kulibri_logo_v01_s-13.png","width":313,"height":92,"caption":"kulibri"},"image":{"@id":"https:\/\/kulibri.com\/de\/#logo"}},{"@type":"WebSite","@id":"https:\/\/kulibri.com\/de\/#website","url":"https:\/\/kulibri.com\/de\/","name":"new kulibri","description":"","publisher":{"@id":"https:\/\/kulibri.com\/de\/#organization"},"potentialAction":[{"@type":"SearchAction","target":{"@type":"EntryPoint","urlTemplate":"https:\/\/kulibri.com\/de\/?s={search_term_string}"},"query-input":"required name=search_term_string"}],"inLanguage":"de"},{"@type":"ImageObject","@id":"https:\/\/kulibri.com\/de\/termin-finden#primaryimage","inLanguage":"de","url":"https:\/\/kulibri.com\/wp-content\/uploads\/2022\/02\/homepage.png","contentUrl":"https:\/\/kulibri.com\/wp-content\/uploads\/2022\/02\/homepage.png","width":1024,"height":525,"caption":"kulibri homepage: Jetzt starten..."},{"@type":"WebPage","@id":"https:\/\/kulibri.com\/de\/termin-finden#webpage","url":"https:\/\/kulibri.com\/de\/termin-finden","name":"kulibri &bull; Termin finden mit wenigen Klicks, kostenlos und werbefrei","isPartOf":{"@id":"https:\/\/kulibri.com\/de\/#website"},"primaryImageOfPage":{"@id":"https:\/\/kulibri.com\/de\/termin-finden#primaryimage"},"datePublished":"2022-05-19T08:01:52+00:00","dateModified":"2025-10-28T07:01:42+00:00","description":"kulibri ist ein Online Tool um mit Freunden, Kollegen, Kunden oder in Teams schnell und kostenlos den passenden Termin f\u00fcr Treffen zu finden.","breadcrumb":{"@id":"https:\/\/kulibri.com\/de\/termin-finden#breadcrumb"},"inLanguage":"de","potentialAction":[{"@type":"ReadAction","target":["https:\/\/kulibri.com\/de\/termin-finden"]}]},{"@type":"BreadcrumbList","@id":"https:\/\/kulibri.com\/de\/termin-finden#breadcrumb","itemListElement":[{"@type":"ListItem","position":1,"name":"Startseite","item":"https:\/\/kulibri.com\/de\/startseite"},{"@type":"ListItem","position":2,"name":"Termin finden mit kulibri"}]}]}},"_links":{"self":[{"href":"https:\/\/kulibri.com\/de\/wp-json\/wp\/v2\/pages\/21216"}],"collection":[{"href":"https:\/\/kulibri.com\/de\/wp-json\/wp\/v2\/pages"}],"about":[{"href":"https:\/\/kulibri.com\/de\/wp-json\/wp\/v2\/types\/page"}],"author":[{"embeddable":true,"href":"https:\/\/kulibri.com\/de\/wp-json\/wp\/v2\/users\/15"}],"replies":[{"embeddable":true,"href":"https:\/\/kulibri.com\/de\/wp-json\/wp\/v2\/comments?post=21216"}],"version-history":[{"count":1,"href":"https:\/\/kulibri.com\/de\/wp-json\/wp\/v2\/pages\/21216\/revisions"}],"predecessor-version":[{"id":21942,"href":"https:\/\/kulibri.com\/de\/wp-json\/wp\/v2\/pages\/21216\/revisions\/21942"}],"wp:attachment":[{"href":"https:\/\/kulibri.com\/de\/wp-json\/wp\/v2\/media?parent=21216"}],"curies":[{"name":"wp","href":"https:\/\/api.w.org\/{rel}","templated":true}]}}