{"id":21572,"date":"2022-11-08T09:16:57","date_gmt":"2022-11-08T08:16:57","guid":{"rendered":"https:\/\/kulibri.com\/?page_id=21572"},"modified":"2025-10-28T08:09:30","modified_gmt":"2025-10-28T07:09:30","slug":"faq","status":"publish","type":"page","link":"https:\/\/kulibri.com\/de\/faq","title":{"rendered":"kulibri FAQs"},"content":{"rendered":"\t\t<div data-elementor-type=\"wp-page\" data-elementor-id=\"21572\" class=\"elementor elementor-21572\">\n\t\t\t\t\t\t<div class=\"elementor-inner\">\n\t\t\t\t<div class=\"elementor-section-wrap\">\n\t\t\t\t\t\t\t\t\t<section class=\"elementor-section elementor-top-section elementor-element elementor-element-61187db elementor-section-boxed elementor-section-height-default elementor-section-height-default\" data-id=\"61187db\" data-element_type=\"section\">\n\t\t\t\t\t\t<div class=\"elementor-container elementor-column-gap-default\">\n\t\t\t\t\t\t\t<div class=\"elementor-row\">\n\t\t\t\t\t<div class=\"elementor-column elementor-col-100 elementor-top-column elementor-element elementor-element-0f0d298\" data-id=\"0f0d298\" data-element_type=\"column\">\n\t\t\t<div class=\"elementor-column-wrap elementor-element-populated\">\n\t\t\t\t\t\t\t<div class=\"elementor-widget-wrap\">\n\t\t\t\t\t\t<div class=\"elementor-element elementor-element-d4e5956 elementor-widget elementor-widget-text-editor\" data-id=\"d4e5956\" data-element_type=\"widget\" data-widget_type=\"text-editor.default\">\n\t\t\t\t<div class=\"elementor-widget-container\">\n\t\t\t\t\t\t\t\t<div class=\"elementor-text-editor elementor-clearfix\">\n\t\t\t\t<p>Die Liste der h\u00e4ufig gestellten Fragen ist gerade erst im Aufbau, sollte aber ein guter Start sein.<br \/>Falls du Fragen hast, die wir so nicht beantworten k\u00f6nnen, <span style=\"color: #ee4540;\"><a style=\"color: #ee4540;\" href=\"\/de\/contact\">schreib uns doch bitte<\/a><\/span><\/p>\t\t\t\t\t<\/div>\n\t\t\t\t\t\t<\/div>\n\t\t\t\t<\/div>\n\t\t\t\t<div class=\"elementor-element elementor-element-0497002 elementor-widget elementor-widget-text-editor\" data-id=\"0497002\" data-element_type=\"widget\" data-widget_type=\"text-editor.default\">\n\t\t\t\t<div class=\"elementor-widget-container\">\n\t\t\t\t\t\t\t\t<div class=\"elementor-text-editor elementor-clearfix\">\n\t\t\t\t<p style=\"text-align: center;\">\u00a0<\/p><ul><li style=\"list-style-type: none;\">\u00a0<div class=\"hrf-faq-list\"><article class=\"hrf-entry\" id=\"hrf-entry-19809\">\n                      <h3 class=\"hrf-title close-faq\" data-content-id=\"hrf-content-19809\"><span><\/span>Was ist neu?<\/h3>\n                     <div class=\"hrf-content\" id=\"hrf-content-19809\"><ul>\n<li>Letzte Neuerung: Sub-Admins und Automatisierte Erinnerungen<\/li>\n<\/ul>\n<p>&nbsp;<\/p>\n<ul>\n<li>Eine \u00dcbersicht \u00fcber die laufenden Verbesserungen und neuen Features findet ihr in der <span style=\"color: #ee4540;\"><a style=\"color: #ee4540;\" href=\"\/de\/versionshinweise\">Versions\u00fcbersicht<\/a><\/span><\/li>\n<\/ul>\n<p>&nbsp;<\/p>\n<ul>\n<li>Seit Oktober 2022 gibt es die ersten <strong>Premium Features<\/strong><\/li>\n<\/ul>\n<ul>\n<li style=\"list-style-type: none;\">\n<ul>\n<li><span style=\"color: #ee4540;\"><a style=\"color: #ee4540;\" href=\"https:\/\/kulibri.com\/de\/premium-kulibri\">Details\u00a0zum Umfang<\/a><\/span><\/li>\n<\/ul>\n<\/li>\n<\/ul>\n<ul>\n<li style=\"list-style-type: none;\">\n<ul>\n<li><span style=\"color: #ee4540;\"><a style=\"color: #ee4540;\" href=\"https:\/\/kulibri.com\/de\/mitgliedschaften\">\u00dcbersicht \u00fcber Mitgliedschaften und Preise<\/a><\/span><\/li>\n<\/ul>\n<\/li>\n<\/ul>\n<\/div>\n                  <\/article><article class=\"hrf-entry\" id=\"hrf-entry-21723\">\n                      <h3 class=\"hrf-title close-faq\" data-content-id=\"hrf-content-21723\"><span><\/span>Ist kulibri eine Alternative zu doodle?<\/h3>\n                     <div class=\"hrf-content\" id=\"hrf-content-21723\"><p>Ja.<\/p>\n<p>Nat\u00fcrlich ist die Antwort im Detail viel komplizierter.<\/p>\n<p>Die grosse St\u00e4rke von doodle besteht darin, sehr schnell den besten gemeinsamen Termin in verschiedenen Kalendern zu finden, d.h. die klassische Terminfindung im Arbeitsumfeld. Nat\u00fcrlich kann man das auch mit kulibri erreichen, aber zugegeben nicht ganz so elegant, da das Thema Kalenderintegration bei uns bisher \u00fcberhaupt keine Rolle spielt. Auch das Einbuchen in Kalender ist nicht unser Thema.<\/p>\n<p>Unser Hauptthemen sind die st\u00e4ndig wiederkehrenden Koordinationsaufgaben in bestehenden sozialen Gruppen, Klassen, Teams oder Vereinen. \u00a0Dazu geh\u00f6ren selbstverst\u00e4ndlich Terminabfragen, Gespr\u00e4chsplanungen, Kurs- und Trainingsplanungen, allgemeine Umfragen, aber eben auch <strong>Eventeinladungen<\/strong> mit G\u00e4sten oder <strong>ToDo Listen. Daher versuchen wir das n\u00fcchterne H\u00e4kchen setzen durch Design und Hintergrundbilder etwas emotionaler zu gestalten.\u00a0<\/strong><\/p>\n<p>Letztlich gibt es aber eine grosse \u00dcberlappung bzgl. Funktionen und den Kundenbed\u00fcrfnissen.<\/p>\n<p><a href=\"https:\/\/kulibri.com\/de\/doodle-alternative\"><span style=\"color: #ee4540;\">Mehr\u00a0dazu in diesem kleinen Beitrag<\/span><\/a><\/p>\n<\/div>\n                  <\/article><article class=\"hrf-entry\" id=\"hrf-entry-21828\">\n                      <h3 class=\"hrf-title close-faq\" data-content-id=\"hrf-content-21828\"><span><\/span>Wann benutze ich welchen Abfrage Typ?<\/h3>\n                     <div class=\"hrf-content\" id=\"hrf-content-21828\"><p>Standardm\u00e4ssig unterst\u00fctzt kulibri 3 Typen von Abfragen:<\/p>\n<ul>\n<li>Terminumfrage<\/li>\n<li>Textumfrage<\/li>\n<li>Event<\/li>\n<\/ul>\n<p>Welcher Typ f\u00fcr welche Anwendungsf\u00e4lle geeignet ist, kannst Du <a href=\"https:\/\/kulibri.com\/de\/kulibri-beispiele\"><span style=\"color: #ee4540;\"><strong>hier lesen.<\/strong><\/span><\/a><\/p>\n<p>&nbsp;<\/p>\n<\/div>\n                  <\/article><article class=\"hrf-entry\" id=\"hrf-entry-21695\">\n                      <h3 class=\"hrf-title close-faq\" data-content-id=\"hrf-content-21695\"><span><\/span>Was ist der Unterschied zwischen Admins und Sub-Admins?<\/h3>\n                     <div class=\"hrf-content\" id=\"hrf-content-21695\"><p>Seit Version 1.2.2 (Januar 23) unterst\u00fctzen wir unsere Admins mit der M\u00f6glichkeit, Sub-Admins zu verwalten.<\/p>\n<p>&nbsp;<\/p>\n<p>Der Unterschied zwischen den beiden ist minimal:<\/p>\n<p>Subadmins d\u00fcrfen selbst nicht weitere Sub-Admins ernennen.<\/p>\n<p>&nbsp;<\/p>\n<p>Ansonsten sind die Rechte identisch, Sub-Admins erhalten die gleichen Email Benachrichtigungen wie Admins.<\/p>\n<\/div>\n                  <\/article><article class=\"hrf-entry\" id=\"hrf-entry-20852\">\n                      <h3 class=\"hrf-title close-faq\" data-content-id=\"hrf-content-20852\"><span><\/span>Was macht kulibri eigentlich in kurz?<\/h3>\n                     <div class=\"hrf-content\" id=\"hrf-content-20852\"><p>kulibri ist ein Online Tool, das Dir dabei hilft, im Kreise deiner Kollegen, Freunde oder auch<\/p>\n<p>Mitgliedern deines Vereins oder Teams, schnell und einfach Termine abzustimmen,<\/p>\n<p>Verf\u00fcgbarkeiten abzufragen und oder Events zu organisieren.<\/p>\n<p>&nbsp;<\/p>\n<p>Wenn du wissen willst, wie man mit kulibri schnell <strong>Termine abfragen<\/strong> kann, \u00a0<span style=\"color: #ee4540;\"><a style=\"color: #ee4540;\" href=\"https:\/\/kulibri.com\/de\/termin-finden\">klicke hier.<\/a><\/span><\/p>\n<p>&nbsp;<\/p>\n<p>Wenn du wissen willst, wie man mit kulibri einfach <strong>Eventeinladungen erstellen<\/strong> kann, dann\u00a0<span style=\"color: #ee4540;\"><a style=\"color: #ee4540;\" href=\"https:\/\/kulibri.com\/de\/eventeinladung\">klicke hier.<\/a><\/span><\/p>\n<\/div>\n                  <\/article><article class=\"hrf-entry\" id=\"hrf-entry-19817\">\n                      <h3 class=\"hrf-title close-faq\" data-content-id=\"hrf-content-19817\"><span><\/span>Bleibt kulibri kostenlos und werbefrei?<\/h3>\n                     <div class=\"hrf-content\" id=\"hrf-content-19817\"><p>Ja.<\/p>\n<p>kulibri ist und bleibt werbefrei und die Benutzung der Basis-Software kostenlos.<\/p>\n<p>&nbsp;<\/p>\n<p>Wir bleiben unserem Grundsatz treu, keine Daten an Dritte weiterzugeben.<\/p>\n<p>&nbsp;<\/p>\n<p>Seit Oktober 2022 bieten wir unseren registrierten Usern und Userinnen die M\u00f6glichkeit,<\/p>\n<p>ihren Account auf den\u00a0<strong>Premium User Status<\/strong> upzugraden.<\/p>\n<p>&nbsp;<\/p>\n<p>Der Premium User Status bietet zus\u00e4tzliche Features, die das regelm\u00e4ssige Arbeiten mit kulibri erleichtern:<\/p>\n<ul>\n<li><span style=\"color: #ee4540;\"><a style=\"color: #ee4540;\" href=\"https:\/\/kulibri.com\/de\/mitgliedschaften\">\u00dcberblick Mitgliedschaften<\/a><\/span><\/li>\n<\/ul>\n<p>&nbsp;<\/p>\n<ul>\n<li><span style=\"color: #ee4540;\"><a style=\"color: #ee4540;\" href=\"https:\/\/kulibri.com\/de\/premium-kulibri\">Details Premium Umfang<\/a><\/span><\/li>\n<\/ul>\n<\/div>\n                  <\/article><article class=\"hrf-entry\" id=\"hrf-entry-19659\">\n                      <h3 class=\"hrf-title close-faq\" data-content-id=\"hrf-content-19659\"><span><\/span>Muss ich mich registrieren?<\/h3>\n                     <div class=\"hrf-content\" id=\"hrf-content-19659\"><p><strong>Nein.<\/strong> Ihr k\u00f6nnt kulibri wie auch bisher <strong><em>ohne Registrierung<\/em><\/strong> verwenden.<\/p>\n<p>&nbsp;<\/p>\n<p>Wenn ihr eine Abstimmung oder Einladung ohne vorherige Registrierung\/Login erstellt, werden wir nach einer Email Adresse fragen.<\/p>\n<p>Das muss nat\u00fcrlich sein, da wir euch nur so den Admin Link und weitere Benachrichtigungen \u00fcber den Fortschritt der Abstimmung schicken k\u00f6nnen.<\/p>\n<p>&nbsp;<\/p>\n<p><strong>Diese Email Adresse wird von uns unter keinen Umst\u00e4nden weitergegeben!<\/strong><\/p>\n<\/div>\n                  <\/article><article class=\"hrf-entry\" id=\"hrf-entry-21036\">\n                      <h3 class=\"hrf-title close-faq\" data-content-id=\"hrf-content-21036\"><span><\/span>Was bedeuten die Symbole beim Ausf\u00fcllen einer Umfrage?<\/h3>\n                     <div class=\"hrf-content\" id=\"hrf-content-21036\"><p>Einen \u00dcberblick \u00fcber die verschiedenen Symbole in den Projekten aus Admin- und Teilnehmersicht findest Du in <span style=\"color: #ee4540;\"><a style=\"color: #ee4540;\" href=\"https:\/\/kulibri.com\/de\/help-symbols\">diesem Artikel<\/a>\u00a0<\/span><\/p>\n<p>&nbsp;<\/p>\n<\/div>\n                  <\/article><article class=\"hrf-entry\" id=\"hrf-entry-21139\">\n                      <h3 class=\"hrf-title close-faq\" data-content-id=\"hrf-content-21139\"><span><\/span>Gibt es einen Unterschied zwischen Terminabstimmung, Terminumfrage, Terminfindung, etc.?<\/h3>\n                     <div class=\"hrf-content\" id=\"hrf-content-21139\"><p>Nein, im Grunde geht es immer um das gleiche &#8220;Problem&#8221;:<br \/>\nDen besten Termin f\u00fcr eine Gruppe aus einer Auswahl von vorgeschlagenen Terminen zu finden und dabei unn\u00f6tige Emails und WhatsApps zu vermeiden.<br \/>\nDaf\u00fcr benutzt jeder einen anderen Begriff.<br \/>\nBei uns gibt es daher auch verschiedene Erkl\u00e4rungen f\u00fcr <span style=\"color: #ee4540;\"><a style=\"color: #ee4540;\" href=\"https:\/\/kulibri.com\/de\/terminumfrage\">Terminumfrage<\/a>, <a style=\"color: #ee4540;\" href=\"https:\/\/kulibri.com\/de\/terminabstimmung\">Terminabstimmung<\/a><\/span>\u00a0und <span style=\"color: #ee4540;\"><a style=\"color: #ee4540;\" href=\"https:\/\/kulibri.com\/de\/termin-finden\">Termin finden<\/a><\/span>, die aber im Grunde sehr \u00e4hnlich sind<\/p>\n<p>&nbsp;<\/p>\n<\/div>\n                  <\/article><article class=\"hrf-entry\" id=\"hrf-entry-20428\">\n                      <h3 class=\"hrf-title close-faq\" data-content-id=\"hrf-content-20428\"><span><\/span>Kann ich noch auf die alte kulibri-Version zugreifen?<\/h3>\n                     <div class=\"hrf-content\" id=\"hrf-content-20428\"><p>Ja, die Startseite der alten kulibri-Version ist ab dem 30.4.22 \u00fcber\u00a0\u00a0<span style=\"color: #ee4540;\"><a style=\"color: #ee4540;\" href=\"https:\/\/kulibri.com\/legacy\">https:\/\/kulibri.com\/legacy<\/a> <\/span>erreichbar.<\/p>\n<p>Teilnehmer-Links, die \u00fcber die alte kulibri-Version verschickt wurden, funktionieren weiterhin.<\/p>\n<p>Aber da mittlerweile 96% der kulibri User auf die neue Version umgezogen sind, werden wir\u00a0die alte kulibri-Version nun <strong>Ende M\u00e4rz 2023 endg\u00fcltig abschalten<\/strong>.<\/p>\n<p>Eine entsprechende Nachricht geht in diesen Tagen an alle Benutzer des alten kulibri.<\/p>\n<\/div>\n                  <\/article><article style = \"display:block;text-align:right; font-size:11px\">Powered by <a href=\"https:\/\/websitebuilderguide.com\/wp-plugins\/html5-responsive-faq-plugin-for-wordpress\/\" target=\"_blank\">HTML5 Responsive FAQ<\/a><\/article><\/div><!-- HRF v 2.8.4 --><\/li><\/ul>\t\t\t\t\t<\/div>\n\t\t\t\t\t\t<\/div>\n\t\t\t\t<\/div>\n\t\t\t\t<div class=\"elementor-element elementor-element-b2a1d2b elementor-align-center elementor-widget elementor-widget-button\" data-id=\"b2a1d2b\" data-element_type=\"widget\" data-widget_type=\"button.default\">\n\t\t\t\t<div class=\"elementor-widget-container\">\n\t\t\t\t\t<div class=\"elementor-button-wrapper\">\n\t\t\t<a href=\"https:\/\/app.kulibri.com\/pr\/new\" class=\"elementor-button-link elementor-button elementor-size-sm\" role=\"button\">\n\t\t\t\t\t\t<span class=\"elementor-button-content-wrapper\">\n\t\t\t\t\t\t<span class=\"elementor-button-text\">Jetzt ausprobieren<\/span>\n\t\t<\/span>\n\t\t\t\t\t<\/a>\n\t\t<\/div>\n\t\t\t\t<\/div>\n\t\t\t\t<\/div>\n\t\t\t\t\t\t<\/div>\n\t\t\t\t\t<\/div>\n\t\t<\/div>\n\t\t\t\t\t\t\t\t<\/div>\n\t\t\t\t\t<\/div>\n\t\t<\/section>\n\t\t\t\t\t\t\t\t\t<\/div>\n\t\t\t<\/div>\n\t\t\t\t\t<\/div>\n\t\t","protected":false},"excerpt":{"rendered":"<p>Die Liste der h\u00e4ufig gestellten Fragen ist gerade erst im Aufbau, sollte aber ein guter Start sein. Falls du Fragen hast, die wir so nicht beantworten k\u00f6nnen, schreib uns doch bitte &nbsp; Jetzt ausprobieren<\/p>\n","protected":false},"author":15,"featured_media":0,"parent":0,"menu_order":0,"comment_status":"closed","ping_status":"closed","template":"","meta":{"spay_email":"","footnotes":""},"yoast_head":"<!-- This site is optimized with the Yoast SEO Premium plugin v18.2.1 (Yoast SEO v18.4.1) - https:\/\/yoast.com\/wordpress\/plugins\/seo\/ -->\n<title>kulibri &bull; FAQs<\/title>\n<meta name=\"description\" content=\"Hier findest du die wichtigsten und h\u00e4ufigsten Fragen unserer User*innen\" \/>\n<meta name=\"robots\" content=\"index, follow, max-snippet:-1, max-image-preview:large, max-video-preview:-1\" \/>\n<link rel=\"canonical\" href=\"https:\/\/kulibri.com\/de\/faq\" \/>\n<meta property=\"og:locale\" content=\"de_DE\" \/>\n<meta property=\"og:type\" content=\"article\" \/>\n<meta property=\"og:title\" content=\"kulibri FAQs\" \/>\n<meta property=\"og:description\" content=\"Hier findest du die wichtigsten und h\u00e4ufigsten Fragen unserer User*innen\" \/>\n<meta property=\"og:url\" content=\"https:\/\/kulibri.com\/de\/faq\" \/>\n<meta property=\"og:site_name\" content=\"new kulibri\" \/>\n<meta property=\"article:modified_time\" content=\"2025-10-28T07:09:30+00:00\" \/>\n<meta name=\"twitter:card\" content=\"summary_large_image\" \/>\n<meta name=\"twitter:label1\" content=\"Est. reading time\" \/>\n\t<meta name=\"twitter:data1\" content=\"1 minute\" \/>\n<script type=\"application\/ld+json\" class=\"yoast-schema-graph\">{\"@context\":\"https:\/\/schema.org\",\"@graph\":[{\"@type\":\"Organization\",\"@id\":\"https:\/\/kulibri.com\/de\/#organization\",\"name\":\"kulibri\",\"url\":\"https:\/\/kulibri.com\/de\/\",\"sameAs\":[],\"logo\":{\"@type\":\"ImageObject\",\"@id\":\"https:\/\/kulibri.com\/de\/#logo\",\"inLanguage\":\"de\",\"url\":\"https:\/\/kulibri.com\/wp-content\/uploads\/2021\/10\/Kulibri_logo_v01_s-13.png\",\"contentUrl\":\"https:\/\/kulibri.com\/wp-content\/uploads\/2021\/10\/Kulibri_logo_v01_s-13.png\",\"width\":313,\"height\":92,\"caption\":\"kulibri\"},\"image\":{\"@id\":\"https:\/\/kulibri.com\/de\/#logo\"}},{\"@type\":\"WebSite\",\"@id\":\"https:\/\/kulibri.com\/de\/#website\",\"url\":\"https:\/\/kulibri.com\/de\/\",\"name\":\"new kulibri\",\"description\":\"\",\"publisher\":{\"@id\":\"https:\/\/kulibri.com\/de\/#organization\"},\"potentialAction\":[{\"@type\":\"SearchAction\",\"target\":{\"@type\":\"EntryPoint\",\"urlTemplate\":\"https:\/\/kulibri.com\/de\/?s={search_term_string}\"},\"query-input\":\"required name=search_term_string\"}],\"inLanguage\":\"de\"},{\"@type\":\"WebPage\",\"@id\":\"https:\/\/kulibri.com\/de\/faq#webpage\",\"url\":\"https:\/\/kulibri.com\/de\/faq\",\"name\":\"kulibri &bull; FAQs\",\"isPartOf\":{\"@id\":\"https:\/\/kulibri.com\/de\/#website\"},\"datePublished\":\"2022-11-08T08:16:57+00:00\",\"dateModified\":\"2025-10-28T07:09:30+00:00\",\"description\":\"Hier findest du die wichtigsten und h\u00e4ufigsten Fragen unserer User*innen\",\"breadcrumb\":{\"@id\":\"https:\/\/kulibri.com\/de\/faq#breadcrumb\"},\"inLanguage\":\"de\",\"potentialAction\":[{\"@type\":\"ReadAction\",\"target\":[\"https:\/\/kulibri.com\/de\/faq\"]}]},{\"@type\":\"BreadcrumbList\",\"@id\":\"https:\/\/kulibri.com\/de\/faq#breadcrumb\",\"itemListElement\":[{\"@type\":\"ListItem\",\"position\":1,\"name\":\"Startseite\",\"item\":\"https:\/\/kulibri.com\/de\/startseite\"},{\"@type\":\"ListItem\",\"position\":2,\"name\":\"kulibri FAQs\"}]}]}<\/script>\n<!-- \/ Yoast SEO Premium plugin. -->","yoast_head_json":{"title":"kulibri &bull; FAQs","description":"Hier findest du die wichtigsten und h\u00e4ufigsten Fragen unserer User*innen","robots":{"index":"index","follow":"follow","max-snippet":"max-snippet:-1","max-image-preview":"max-image-preview:large","max-video-preview":"max-video-preview:-1"},"canonical":"https:\/\/kulibri.com\/de\/faq","og_locale":"de_DE","og_type":"article","og_title":"kulibri FAQs","og_description":"Hier findest du die wichtigsten und h\u00e4ufigsten Fragen unserer User*innen","og_url":"https:\/\/kulibri.com\/de\/faq","og_site_name":"new kulibri","article_modified_time":"2025-10-28T07:09:30+00:00","twitter_card":"summary_large_image","twitter_misc":{"Est. reading time":"1 minute"},"schema":{"@context":"https:\/\/schema.org","@graph":[{"@type":"Organization","@id":"https:\/\/kulibri.com\/de\/#organization","name":"kulibri","url":"https:\/\/kulibri.com\/de\/","sameAs":[],"logo":{"@type":"ImageObject","@id":"https:\/\/kulibri.com\/de\/#logo","inLanguage":"de","url":"https:\/\/kulibri.com\/wp-content\/uploads\/2021\/10\/Kulibri_logo_v01_s-13.png","contentUrl":"https:\/\/kulibri.com\/wp-content\/uploads\/2021\/10\/Kulibri_logo_v01_s-13.png","width":313,"height":92,"caption":"kulibri"},"image":{"@id":"https:\/\/kulibri.com\/de\/#logo"}},{"@type":"WebSite","@id":"https:\/\/kulibri.com\/de\/#website","url":"https:\/\/kulibri.com\/de\/","name":"new kulibri","description":"","publisher":{"@id":"https:\/\/kulibri.com\/de\/#organization"},"potentialAction":[{"@type":"SearchAction","target":{"@type":"EntryPoint","urlTemplate":"https:\/\/kulibri.com\/de\/?s={search_term_string}"},"query-input":"required name=search_term_string"}],"inLanguage":"de"},{"@type":"WebPage","@id":"https:\/\/kulibri.com\/de\/faq#webpage","url":"https:\/\/kulibri.com\/de\/faq","name":"kulibri &bull; FAQs","isPartOf":{"@id":"https:\/\/kulibri.com\/de\/#website"},"datePublished":"2022-11-08T08:16:57+00:00","dateModified":"2025-10-28T07:09:30+00:00","description":"Hier findest du die wichtigsten und h\u00e4ufigsten Fragen unserer User*innen","breadcrumb":{"@id":"https:\/\/kulibri.com\/de\/faq#breadcrumb"},"inLanguage":"de","potentialAction":[{"@type":"ReadAction","target":["https:\/\/kulibri.com\/de\/faq"]}]},{"@type":"BreadcrumbList","@id":"https:\/\/kulibri.com\/de\/faq#breadcrumb","itemListElement":[{"@type":"ListItem","position":1,"name":"Startseite","item":"https:\/\/kulibri.com\/de\/startseite"},{"@type":"ListItem","position":2,"name":"kulibri FAQs"}]}]}},"_links":{"self":[{"href":"https:\/\/kulibri.com\/de\/wp-json\/wp\/v2\/pages\/21572"}],"collection":[{"href":"https:\/\/kulibri.com\/de\/wp-json\/wp\/v2\/pages"}],"about":[{"href":"https:\/\/kulibri.com\/de\/wp-json\/wp\/v2\/types\/page"}],"author":[{"embeddable":true,"href":"https:\/\/kulibri.com\/de\/wp-json\/wp\/v2\/users\/15"}],"replies":[{"embeddable":true,"href":"https:\/\/kulibri.com\/de\/wp-json\/wp\/v2\/comments?post=21572"}],"version-history":[{"count":1,"href":"https:\/\/kulibri.com\/de\/wp-json\/wp\/v2\/pages\/21572\/revisions"}],"predecessor-version":[{"id":21939,"href":"https:\/\/kulibri.com\/de\/wp-json\/wp\/v2\/pages\/21572\/revisions\/21939"}],"wp:attachment":[{"href":"https:\/\/kulibri.com\/de\/wp-json\/wp\/v2\/media?parent=21572"}],"curies":[{"name":"wp","href":"https:\/\/api.w.org\/{rel}","templated":true}]}}